{"id":118717,"date":"2023-04-24T17:04:52","date_gmt":"2023-04-24T15:04:52","guid":{"rendered":"https:\/\/movo-partners.com\/about-us-v2\/"},"modified":"2024-07-27T16:21:54","modified_gmt":"2024-07-27T14:21:54","slug":"a-propos","status":"publish","type":"page","link":"https:\/\/movo-partners.com\/fr\/a-propos\/","title":{"rendered":"A propos"},"content":{"rendered":"<div class=\"wpb-content-wrapper\"><p>[vc_row row_height_percent=\u00a0\u00bb85&Prime; override_padding=\u00a0\u00bbyes\u00a0\u00bb h_padding=\u00a0\u00bb2&Prime; top_padding=\u00a0\u00bb7&Prime; bottom_padding=\u00a0\u00bb7&Prime; back_color=\u00a0\u00bbcolor-wayh\u00a0\u00bb back_image=\u00a0\u00bb118080&Prime; back_position=\u00a0\u00bbcenter bottom\u00a0\u00bb overlay_color=\u00a0\u00bbcolor-jevc\u00a0\u00bb overlay_alpha=\u00a0\u00bb40&Prime; gutter_size=\u00a0\u00bb3&Prime; column_width_percent=\u00a0\u00bb100&Prime; shift_y=\u00a0\u00bb0&Prime; z_index=\u00a0\u00bb0&Prime; enable_top_divider=\u00a0\u00bbdefault\u00a0\u00bb top_divider=\u00a0\u00bbgradient\u00a0\u00bb shape_top_h_use_pixel=\u00a0\u00bbtrue\u00a0\u00bb shape_top_height_percent=\u00a0\u00bb100&Prime; shape_top_color=\u00a0\u00bbcolor-wayh\u00a0\u00bb shape_top_opacity=\u00a0\u00bb25&Prime; shape_top_index=\u00a0\u00bb0&Prime; row_name=\u00a0\u00bbWelcome\u00a0\u00bb uncode_shortcode_id=\u00a0\u00bb801888&Prime; back_color_type=\u00a0\u00bbuncode-palette\u00a0\u00bb overlay_color_type=\u00a0\u00bbuncode-palette\u00a0\u00bb shape_top_color_type=\u00a0\u00bbuncode-palette\u00a0\u00bb][vc_column column_width_use_pixel=\u00a0\u00bbyes\u00a0\u00bb position_vertical=\u00a0\u00bbmiddle\u00a0\u00bb align_horizontal=\u00a0\u00bbalign_center\u00a0\u00bb gutter_size=\u00a0\u00bb1&Prime; style=\u00a0\u00bbdark\u00a0\u00bb overlay_alpha=\u00a0\u00bb50&Prime; shift_x=\u00a0\u00bb0&Prime; shift_y=\u00a0\u00bb0&Prime; shift_y_down=\u00a0\u00bb0&Prime; z_index=\u00a0\u00bb0&Prime; medium_width=\u00a0\u00bb0&Prime; mobile_width=\u00a0\u00bb0&Prime; zoom_width=\u00a0\u00bb0&Prime; zoom_height=\u00a0\u00bb0&Prime; width=\u00a0\u00bb1\/1&Prime; column_width_pixel=\u00a0\u00bb900&Prime; uncode_shortcode_id=\u00a0\u00bb209369&Prime;][vc_custom_heading text_font=\u00a0\u00bbfont-339240&Prime; text_size=\u00a0\u00bbfontsize-445851&Prime; text_weight=\u00a0\u00bb400&Prime; text_space=\u00a0\u00bbfontspace-781688&Prime; uncode_shortcode_id=\u00a0\u00bb512615&Prime;]Nous vous aidons \u00e0 rendre vos activit\u00e9s plus durables[\/vc_custom_heading][\/vc_column][\/vc_row][vc_row row_height_percent=\u00a0\u00bb0&Prime; override_padding=\u00a0\u00bbyes\u00a0\u00bb h_padding=\u00a0\u00bb2&Prime; top_padding=\u00a0\u00bb5&Prime; bottom_padding=\u00a0\u00bb2&Prime; overlay_alpha=\u00a0\u00bb50&Prime; gutter_size=\u00a0\u00bb4&Prime; column_width_percent=\u00a0\u00bb100&Prime; shift_y=\u00a0\u00bb0&Prime; z_index=\u00a0\u00bb1&Prime; top_divider=\u00a0\u00bbgradient\u00a0\u00bb bottom_divider=\u00a0\u00bbgradient\u00a0\u00bb uncode_shortcode_id=\u00a0\u00bb785872&Prime;][vc_column column_width_percent=\u00a0\u00bb100&Prime; gutter_size=\u00a0\u00bb2&Prime; overlay_alpha=\u00a0\u00bb50&Prime; shift_x=\u00a0\u00bb0&Prime; shift_y=\u00a0\u00bb0&Prime; shift_y_down=\u00a0\u00bb0&Prime; z_index=\u00a0\u00bb0&Prime; medium_width=\u00a0\u00bb0&Prime; mobile_width=\u00a0\u00bb0&Prime; width=\u00a0\u00bb1\/1&Prime;][vc_custom_heading text_color=\u00a0\u00bbaccent\u00a0\u00bb heading_semantic=\u00a0\u00bbh3&Prime; text_font=\u00a0\u00bbfont-339240&Prime; text_height=\u00a0\u00bbfontheight-357766&Prime; uncode_shortcode_id=\u00a0\u00bb159149&Prime; text_color_type=\u00a0\u00bbuncode-palette\u00a0\u00bb]A notre sujet[\/vc_custom_heading][vc_column_text uncode_shortcode_id=\u00a0\u00bb119317&Prime;]Fond\u00e9e en 2022, Movo est n\u00e9e d&rsquo;une amiti\u00e9. Seb et Charles se sont rencontr\u00e9s il y a 20 ans et partagent de nombreuses passions communes. Souvent, ils trouvent l&rsquo;inspiration lors de randonn\u00e9es dans les majestueuses Alpes Suisses.<\/p>\n<p>Leurs parcours respectifs ont contribu\u00e9 \u00e0 d\u00e9velopper un large \u00e9ventail d&rsquo;aptitudes et de comp\u00e9tences qui, une fois r\u00e9unies, se compl\u00e8tent presque parfaitement. Leur compr\u00e9hension approfondie du monde des affaires permet \u00e0 Movo de mettre au point la m\u00e9thode la plus adapt\u00e9e \u00e0 votre organisation afin d&rsquo;assurer votre succ\u00e8s commercial et op\u00e9rationnel.[\/vc_column_text][\/vc_column][\/vc_row][vc_row row_height_percent=\u00a0\u00bb0&Prime; override_padding=\u00a0\u00bbyes\u00a0\u00bb h_padding=\u00a0\u00bb2&Prime; top_padding=\u00a0\u00bb2&Prime; bottom_padding=\u00a0\u00bb2&Prime; overlay_alpha=\u00a0\u00bb50&Prime; gutter_size=\u00a0\u00bb4&Prime; column_width_percent=\u00a0\u00bb100&Prime; shift_y=\u00a0\u00bb0&Prime; z_index=\u00a0\u00bb1&Prime; top_divider=\u00a0\u00bbgradient\u00a0\u00bb bottom_divider=\u00a0\u00bbgradient\u00a0\u00bb uncode_shortcode_id=\u00a0\u00bb630966&Prime;][vc_column column_width_percent=\u00a0\u00bb100&Prime; gutter_size=\u00a0\u00bb2&Prime; overlay_alpha=\u00a0\u00bb50&Prime; shift_x=\u00a0\u00bb0&Prime; shift_y=\u00a0\u00bb0&Prime; shift_y_down=\u00a0\u00bb0&Prime; z_index=\u00a0\u00bb0&Prime; medium_width=\u00a0\u00bb0&Prime; mobile_width=\u00a0\u00bb0&Prime; width=\u00a0\u00bb1\/1&Prime;][vc_single_image media=\u00a0\u00bb118194&Prime; media_width_percent=\u00a0\u00bb100&Prime; uncode_shortcode_id=\u00a0\u00bb977280&Prime;][vc_row_inner][vc_column_inner width=\u00a0\u00bb1\/2&Prime;][vc_column_text uncode_shortcode_id=\u00a0\u00bb283700&Prime;]<strong>Sebastien Cretegny<\/strong><\/p>\n<p>Avant de s&rsquo;orienter vers le domaine du d\u00e9veloppement durable, S\u00e9bastien a travaill\u00e9 plus de 10 ans dans l&rsquo;industrie horlog\u00e8re suisse de luxe, occupant des postes de direction dans les domaines du management et du d\u00e9veloppement commercial.<\/p>\n<p>Sa carri\u00e8re internationale l&rsquo;a amen\u00e9 dans de nombreux endroits, notamment en Asie o\u00f9 il a v\u00e9cu pendant 5 ans. Tout au long de son parcours, il a promu le bien commun et d\u00e9velopp\u00e9 de nombreuses collaborations fructueuses.<\/p>\n<p>&nbsp;<\/p>\n<p>Anim\u00e9 d&rsquo;une v\u00e9ritable passion pour la pr\u00e9servation de l&rsquo;environnement, il souhaite contribuer \u00e0 un impact positif et concret en d\u00e9fendant sa conviction que l&rsquo;entreprise doit \u00eatre une force pour le bien commun, d\u00e9passant l\u2019unique objectif de profitabilit\u00e9.<\/p>\n<p>S\u00e9bastien a \u00e9tudi\u00e9 le management et le leadership \u00e0 l&rsquo;IMD \u00e0 Lausanne et est titulaire d&rsquo;un dipl\u00f4me en durabilit\u00e9 de l&rsquo;Universit\u00e9 de Cambridge.<\/p>\n<p>Passionn\u00e9 par la nature et les activit\u00e9s de plein air, il est accompagnateur de montagne certifi\u00e9 et un plongeur chevronn\u00e9. Des activit\u00e9s dans lesquelles il trouve son inspiration et la s\u00e9r\u00e9nit\u00e9.[\/vc_column_text][vc_empty_space empty_h=\u00a0\u00bb2&Prime;][vc_icon position=\u00a0\u00bbleft\u00a0\u00bb display=\u00a0\u00bbinline\u00a0\u00bb icon=\u00a0\u00bbfa fa-linkedin-square\u00a0\u00bb size=\u00a0\u00bbfa-2x\u00a0\u00bb uncode_shortcode_id=\u00a0\u00bb104709&Prime; link=\u00a0\u00bburl:https%3A%2F%2Fwww.linkedin.com%2Fin%2Fsebastiencretegny%2F|target:_blank\u00a0\u00bb][\/vc_icon][\/vc_column_inner][vc_column_inner width=\u00a0\u00bb1\/2&Prime;][vc_column_text uncode_shortcode_id=\u00a0\u00bb657504&Prime;]<strong>Charles Prodon<\/strong><\/p>\n<p>Sp\u00e9cialis\u00e9 dans la supply chain et les achats, Charles se consid\u00e8re plut\u00f4t comme un g\u00e9n\u00e9raliste, curieux et inspir\u00e9 par l&rsquo;am\u00e9lioration continue.<\/p>\n<p>Dot\u00e9 d&rsquo;un esprit analytique et orient\u00e9 processus, il aime co-cr\u00e9er et d\u00e9battre ; il apporte une perspective syst\u00e9mique et aime animer les discussions en challengeant l\u2019\u00e9tabli.<\/p>\n<p>Apr\u00e8s une carri\u00e8re dans le secteur international des produits de grande consommation, Charles a d\u00e9cid\u00e9 de r\u00e9\u00e9quilibrer son \u00e9nergie vers des projets ayant un impact positif sur l&rsquo;environnement et la soci\u00e9t\u00e9, en rejoignant des associations locales et en travaillant avec des start-ups. En 2022, il rejoint son ami de longue date S\u00e9bastien dans la cr\u00e9ation de Movo Partners en tant que co-fondateur.<\/p>\n<p>Charles est titulaire d&rsquo;un master en syst\u00e8mes d&rsquo;information de gestion de l\u2019HEC Lausanne, d&rsquo;une certification Lean Six Sigma black belt, d&rsquo;une certification de coach reconnue par l&rsquo;IFC et d&rsquo;un certificat en strat\u00e9gie durable de l&rsquo;IMD.<\/p>\n<p>Outre sa famille et son chien, Charles aime la nature et les sports qui lui permettent de d\u00e9couvrir et de repousser ses propres limites (course \u00e0 pied, natation), l&rsquo;id\u00e9al \u00e9tant de combiner les deux lors de longues randonn\u00e9es en montagne.[\/vc_column_text][vc_empty_space empty_h=\u00a0\u00bb2&Prime;][vc_icon position=\u00a0\u00bbleft\u00a0\u00bb display=\u00a0\u00bbinline\u00a0\u00bb icon=\u00a0\u00bbfa fa-linkedin-square\u00a0\u00bb size=\u00a0\u00bbfa-2x\u00a0\u00bb uncode_shortcode_id=\u00a0\u00bb187845&Prime; link=\u00a0\u00bburl:https%3A%2F%2Fwww.linkedin.com%2Fin%2Fcharlesprodon%2F|target:_blank\u00a0\u00bb][\/vc_icon][\/vc_column_inner][\/vc_row_inner][\/vc_column][\/vc_row][vc_row row_height_percent=\u00a0\u00bb0&Prime; override_padding=\u00a0\u00bbyes\u00a0\u00bb h_padding=\u00a0\u00bb2&Prime; top_padding=\u00a0\u00bb4&Prime; bottom_padding=\u00a0\u00bb3&Prime; back_color=\u00a0\u00bbcolor-xsdn\u00a0\u00bb overlay_alpha=\u00a0\u00bb50&Prime; gutter_size=\u00a0\u00bb4&Prime; column_width_percent=\u00a0\u00bb100&Prime; shift_y=\u00a0\u00bb0&Prime; z_index=\u00a0\u00bb1&Prime; top_divider=\u00a0\u00bbgradient\u00a0\u00bb bottom_divider=\u00a0\u00bbgradient\u00a0\u00bb uncode_shortcode_id=\u00a0\u00bb132165&Prime; back_color_type=\u00a0\u00bbuncode-palette\u00a0\u00bb][vc_column column_width_percent=\u00a0\u00bb100&Prime; gutter_size=\u00a0\u00bb2&Prime; overlay_alpha=\u00a0\u00bb50&Prime; shift_x=\u00a0\u00bb0&Prime; shift_y=\u00a0\u00bb0&Prime; shift_y_down=\u00a0\u00bb0&Prime; z_index=\u00a0\u00bb0&Prime; medium_width=\u00a0\u00bb0&Prime; mobile_width=\u00a0\u00bb0&Prime; width=\u00a0\u00bb1\/1&Prime;][vc_column_text uncode_shortcode_id=\u00a0\u00bb455574&Prime;]<\/p>\n<p style=\"text-align: center;\"><strong>Gr\u00e2ce \u00e0 notre travail avec nos partenaires, nous contribuons principalement aux objectifs de d\u00e9veloppement durable (ODD) suivants\u00a0:<\/strong><\/p>\n<p style=\"text-align: center;\"><strong><img decoding=\"async\" class=\"aligncenter wp-image-118747 size-full\" src=\"https:\/\/movo-partners.com\/wp-content\/uploads\/2023\/10\/SDG-2-fr.svg\" alt=\"\" \/><\/strong><\/p>\n<p style=\"text-align: center;\"><strong>Nous avons formalis\u00e9 nos engagements et notre contribution aux ODD des Nations Unies en cristallisant les objectifs suivants avec l&rsquo;initiative Swiss Triple Impact (un programme que nous proposons sous \u00ab\u00a0Obtenir une Certification\u00a0\u00bb).<\/strong><\/p>\n<p>[\/vc_column_text][\/vc_column][\/vc_row][vc_row row_height_percent=\u00a0\u00bb0&Prime; override_padding=\u00a0\u00bbyes\u00a0\u00bb h_padding=\u00a0\u00bb2&Prime; top_padding=\u00a0\u00bb3&Prime; bottom_padding=\u00a0\u00bb5&Prime; back_color=\u00a0\u00bbcolor-gyho\u00a0\u00bb overlay_alpha=\u00a0\u00bb50&Prime; gutter_size=\u00a0\u00bb4&Prime; column_width_percent=\u00a0\u00bb100&Prime; shift_y=\u00a0\u00bb0&Prime; z_index=\u00a0\u00bb1&Prime; top_divider=\u00a0\u00bbgradient\u00a0\u00bb bottom_divider=\u00a0\u00bbgradient\u00a0\u00bb uncode_shortcode_id=\u00a0\u00bb988729&Prime; back_color_type=\u00a0\u00bbuncode-palette\u00a0\u00bb][vc_column column_width_percent=\u00a0\u00bb100&Prime; gutter_size=\u00a0\u00bb2&Prime; overlay_alpha=\u00a0\u00bb50&Prime; shift_x=\u00a0\u00bb0&Prime; shift_y=\u00a0\u00bb0&Prime; shift_y_down=\u00a0\u00bb0&Prime; z_index=\u00a0\u00bb0&Prime; medium_width=\u00a0\u00bb0&Prime; mobile_width=\u00a0\u00bb0&Prime; width=\u00a0\u00bb1\/1&Prime;][vc_custom_heading text_color=\u00a0\u00bbaccent\u00a0\u00bb heading_semantic=\u00a0\u00bbh3&Prime; text_font=\u00a0\u00bbfont-339240&Prime; text_height=\u00a0\u00bbfontheight-357766&Prime; uncode_shortcode_id=\u00a0\u00bb906479&Prime; text_color_type=\u00a0\u00bbuncode-palette\u00a0\u00bb]Nos engagements[\/vc_custom_heading][vc_row_inner][vc_column_inner width=\u00a0\u00bb1\/3&Prime;][vc_column_text uncode_shortcode_id=\u00a0\u00bb145316&Prime;]D&rsquo;ici 2025, 100 % de nos client.e.s adoptent notre strat\u00e9gie d&rsquo;impact positif et alignent leurs objectifs de d\u00e9veloppement durable sur les crit\u00e8res iSMART, par rapport \u00e0 20 % en 2023.[\/vc_column_text][vc_button size=\u00a0\u00bbbtn-sm\u00a0\u00bb border_width=\u00a0\u00bb1&Prime; link=\u00a0\u00bburl:https%3A%2F%2Fblab-switzerland.ch%2Ffr%2Fecosystem-dashboard%2F%3Fjsf%3Djet-engine%3Atype%26_s%3DMovo%2520Partners%2520S%25C3%25A0rl|target:_blank\u00a0\u00bb uncode_shortcode_id=\u00a0\u00bb713140&Prime;]En savoir plus[\/vc_button][\/vc_column_inner][vc_column_inner width=\u00a0\u00bb1\/3&Prime;][vc_column_text uncode_shortcode_id=\u00a0\u00bb678916&Prime;]D&rsquo;ici 2025, nous assurons que 80% de nos client.e.s aient leurs \u00e9missions de tCO2eq (Scopes 1, 2 &amp; 3) couvertes par l&rsquo;initiative Science Based Targets (SBTi), par rapport \u00e0 0 % en 2023.[\/vc_column_text][\/vc_column_inner][vc_column_inner width=\u00a0\u00bb1\/3&Prime;][vc_column_text uncode_shortcode_id=\u00a0\u00bb162632&Prime;]D&rsquo;ici 2026, nous allouons 5 % de notre temps \u00e0 des activit\u00e9s pro-bono, \u00e0 la sensibilisation des organisations \u00e0 but non lucratif et\/ou des start-ups, par rapport \u00e0 0 % en 2023.[\/vc_column_text][\/vc_column_inner][\/vc_row_inner][\/vc_column][\/vc_row]<\/p>\n<\/div>","protected":false},"excerpt":{"rendered":"<p>[vc_row row_height_percent=\u00a0\u00bb85&Prime; override_padding=\u00a0\u00bbyes\u00a0\u00bb h_padding=\u00a0\u00bb2&Prime; top_padding=\u00a0\u00bb7&Prime; bottom_padding=\u00a0\u00bb7&Prime; back_color=\u00a0\u00bbcolor-wayh\u00a0\u00bb back_image=\u00a0\u00bb118080&Prime; back_position=\u00a0\u00bbcenter bottom\u00a0\u00bb overlay_color=\u00a0\u00bbcolor-jevc\u00a0\u00bb overlay_alpha=\u00a0\u00bb40&Prime; gutter_size=\u00a0\u00bb3&Prime; column_width_percent=\u00a0\u00bb100&Prime; shift_y=\u00a0\u00bb0&Prime; z_index=\u00a0\u00bb0&Prime; enable_top_divider=\u00a0\u00bbdefault\u00a0\u00bb top_divider=\u00a0\u00bbgradient\u00a0\u00bb shape_top_h_use_pixel=\u00a0\u00bbtrue\u00a0\u00bb shape_top_height_percent=\u00a0\u00bb100&Prime; [&hellip;]<\/p>\n","protected":false},"author":1,"featured_media":118567,"parent":0,"menu_order":0,"comment_status":"open","ping_status":"closed","template":"","meta":{"footnotes":""},"class_list":["post-118717","page","type-page","status-publish","has-post-thumbnail","hentry"],"yoast_head":"<!-- This site is optimized with the Yoast SEO plugin v22.3 - https:\/\/yoast.com\/wordpress\/plugins\/seo\/ -->\n<title>A propos \u2013 Movo Partners<\/title>\n<meta name=\"robots\" content=\"index, follow, max-snippet:-1, max-image-preview:large, max-video-preview:-1\" \/>\n<link rel=\"canonical\" href=\"https:\/\/movo-partners.com\/fr\/a-propos\/\" \/>\n<meta property=\"og:locale\" content=\"fr_FR\" \/>\n<meta property=\"og:type\" content=\"article\" \/>\n<meta property=\"og:title\" content=\"A propos \u2013 Movo Partners\" \/>\n<meta property=\"og:description\" content=\"[vc_row row_height_percent=\u00a0\u00bb85&Prime; override_padding=\u00a0\u00bbyes\u00a0\u00bb h_padding=\u00a0\u00bb2&Prime; top_padding=\u00a0\u00bb7&Prime; bottom_padding=\u00a0\u00bb7&Prime; back_color=\u00a0\u00bbcolor-wayh\u00a0\u00bb back_image=\u00a0\u00bb118080&Prime; back_position=\u00a0\u00bbcenter bottom\u00a0\u00bb overlay_color=\u00a0\u00bbcolor-jevc\u00a0\u00bb overlay_alpha=\u00a0\u00bb40&Prime; gutter_size=\u00a0\u00bb3&Prime; column_width_percent=\u00a0\u00bb100&Prime; shift_y=\u00a0\u00bb0&Prime; z_index=\u00a0\u00bb0&Prime; enable_top_divider=\u00a0\u00bbdefault\u00a0\u00bb top_divider=\u00a0\u00bbgradient\u00a0\u00bb shape_top_h_use_pixel=\u00a0\u00bbtrue\u00a0\u00bb shape_top_height_percent=\u00a0\u00bb100&Prime; [&hellip;]\" \/>\n<meta property=\"og:url\" content=\"https:\/\/movo-partners.com\/fr\/a-propos\/\" \/>\n<meta property=\"og:site_name\" content=\"Movo Partners\" \/>\n<meta property=\"article:modified_time\" content=\"2024-07-27T14:21:54+00:00\" \/>\n<meta property=\"og:image\" content=\"https:\/\/movo-partners.com\/wp-content\/uploads\/2023\/01\/mt-sample-background.jpg\" \/>\n\t<meta property=\"og:image:width\" content=\"1920\" \/>\n\t<meta property=\"og:image:height\" content=\"1280\" \/>\n\t<meta property=\"og:image:type\" content=\"image\/jpeg\" \/>\n<meta name=\"twitter:card\" content=\"summary_large_image\" \/>\n<meta name=\"twitter:label1\" content=\"Dur\u00e9e de lecture estim\u00e9e\" \/>\n\t<meta name=\"twitter:data1\" content=\"4 minutes\" \/>\n<script type=\"application\/ld+json\" class=\"yoast-schema-graph\">{\"@context\":\"https:\/\/schema.org\",\"@graph\":[{\"@type\":\"WebPage\",\"@id\":\"https:\/\/movo-partners.com\/fr\/a-propos\/\",\"url\":\"https:\/\/movo-partners.com\/fr\/a-propos\/\",\"name\":\"A propos \u2013 Movo Partners\",\"isPartOf\":{\"@id\":\"https:\/\/movo-partners.com\/fr\/#website\"},\"primaryImageOfPage\":{\"@id\":\"https:\/\/movo-partners.com\/fr\/a-propos\/#primaryimage\"},\"image\":{\"@id\":\"https:\/\/movo-partners.com\/fr\/a-propos\/#primaryimage\"},\"thumbnailUrl\":\"https:\/\/movo-partners.com\/wp-content\/uploads\/2023\/01\/mt-sample-background.jpg\",\"datePublished\":\"2023-04-24T15:04:52+00:00\",\"dateModified\":\"2024-07-27T14:21:54+00:00\",\"breadcrumb\":{\"@id\":\"https:\/\/movo-partners.com\/fr\/a-propos\/#breadcrumb\"},\"inLanguage\":\"fr-FR\",\"potentialAction\":[{\"@type\":\"ReadAction\",\"target\":[\"https:\/\/movo-partners.com\/fr\/a-propos\/\"]}]},{\"@type\":\"ImageObject\",\"inLanguage\":\"fr-FR\",\"@id\":\"https:\/\/movo-partners.com\/fr\/a-propos\/#primaryimage\",\"url\":\"https:\/\/movo-partners.com\/wp-content\/uploads\/2023\/01\/mt-sample-background.jpg\",\"contentUrl\":\"https:\/\/movo-partners.com\/wp-content\/uploads\/2023\/01\/mt-sample-background.jpg\",\"width\":1920,\"height\":1280},{\"@type\":\"BreadcrumbList\",\"@id\":\"https:\/\/movo-partners.com\/fr\/a-propos\/#breadcrumb\",\"itemListElement\":[{\"@type\":\"ListItem\",\"position\":1,\"name\":\"Accueil\",\"item\":\"https:\/\/movo-partners.com\/fr\/\"},{\"@type\":\"ListItem\",\"position\":2,\"name\":\"A propos\"}]},{\"@type\":\"WebSite\",\"@id\":\"https:\/\/movo-partners.com\/fr\/#website\",\"url\":\"https:\/\/movo-partners.com\/fr\/\",\"name\":\"Movo Partners\",\"description\":\"Change business to change the world\",\"publisher\":{\"@id\":\"https:\/\/movo-partners.com\/fr\/#organization\"},\"potentialAction\":[{\"@type\":\"SearchAction\",\"target\":{\"@type\":\"EntryPoint\",\"urlTemplate\":\"https:\/\/movo-partners.com\/fr\/?s={search_term_string}\"},\"query-input\":\"required name=search_term_string\"}],\"inLanguage\":\"fr-FR\"},{\"@type\":\"Organization\",\"@id\":\"https:\/\/movo-partners.com\/fr\/#organization\",\"name\":\"Movo Partners\",\"alternateName\":\"Movo\",\"url\":\"https:\/\/movo-partners.com\/fr\/\",\"logo\":{\"@type\":\"ImageObject\",\"inLanguage\":\"fr-FR\",\"@id\":\"https:\/\/movo-partners.com\/fr\/#\/schema\/logo\/image\/\",\"url\":\"https:\/\/movo-partners.com\/wp-content\/uploads\/2023\/01\/logo-movo.png\",\"contentUrl\":\"https:\/\/movo-partners.com\/wp-content\/uploads\/2023\/01\/logo-movo.png\",\"width\":191,\"height\":55,\"caption\":\"Movo Partners\"},\"image\":{\"@id\":\"https:\/\/movo-partners.com\/fr\/#\/schema\/logo\/image\/\"},\"sameAs\":[\"https:\/\/ch.linkedin.com\/company\/movopartners\"]}]}<\/script>\n<!-- \/ Yoast SEO plugin. -->","yoast_head_json":{"title":"A propos \u2013 Movo Partners","robots":{"index":"index","follow":"follow","max-snippet":"max-snippet:-1","max-image-preview":"max-image-preview:large","max-video-preview":"max-video-preview:-1"},"canonical":"https:\/\/movo-partners.com\/fr\/a-propos\/","og_locale":"fr_FR","og_type":"article","og_title":"A propos \u2013 Movo Partners","og_description":"[vc_row row_height_percent=\u00a0\u00bb85&Prime; override_padding=\u00a0\u00bbyes\u00a0\u00bb h_padding=\u00a0\u00bb2&Prime; top_padding=\u00a0\u00bb7&Prime; bottom_padding=\u00a0\u00bb7&Prime; back_color=\u00a0\u00bbcolor-wayh\u00a0\u00bb back_image=\u00a0\u00bb118080&Prime; back_position=\u00a0\u00bbcenter bottom\u00a0\u00bb overlay_color=\u00a0\u00bbcolor-jevc\u00a0\u00bb overlay_alpha=\u00a0\u00bb40&Prime; gutter_size=\u00a0\u00bb3&Prime; column_width_percent=\u00a0\u00bb100&Prime; shift_y=\u00a0\u00bb0&Prime; z_index=\u00a0\u00bb0&Prime; enable_top_divider=\u00a0\u00bbdefault\u00a0\u00bb top_divider=\u00a0\u00bbgradient\u00a0\u00bb shape_top_h_use_pixel=\u00a0\u00bbtrue\u00a0\u00bb shape_top_height_percent=\u00a0\u00bb100&Prime; [&hellip;]","og_url":"https:\/\/movo-partners.com\/fr\/a-propos\/","og_site_name":"Movo Partners","article_modified_time":"2024-07-27T14:21:54+00:00","og_image":[{"width":1920,"height":1280,"url":"https:\/\/movo-partners.com\/wp-content\/uploads\/2023\/01\/mt-sample-background.jpg","type":"image\/jpeg"}],"twitter_card":"summary_large_image","twitter_misc":{"Dur\u00e9e de lecture estim\u00e9e":"4 minutes"},"schema":{"@context":"https:\/\/schema.org","@graph":[{"@type":"WebPage","@id":"https:\/\/movo-partners.com\/fr\/a-propos\/","url":"https:\/\/movo-partners.com\/fr\/a-propos\/","name":"A propos \u2013 Movo Partners","isPartOf":{"@id":"https:\/\/movo-partners.com\/fr\/#website"},"primaryImageOfPage":{"@id":"https:\/\/movo-partners.com\/fr\/a-propos\/#primaryimage"},"image":{"@id":"https:\/\/movo-partners.com\/fr\/a-propos\/#primaryimage"},"thumbnailUrl":"https:\/\/movo-partners.com\/wp-content\/uploads\/2023\/01\/mt-sample-background.jpg","datePublished":"2023-04-24T15:04:52+00:00","dateModified":"2024-07-27T14:21:54+00:00","breadcrumb":{"@id":"https:\/\/movo-partners.com\/fr\/a-propos\/#breadcrumb"},"inLanguage":"fr-FR","potentialAction":[{"@type":"ReadAction","target":["https:\/\/movo-partners.com\/fr\/a-propos\/"]}]},{"@type":"ImageObject","inLanguage":"fr-FR","@id":"https:\/\/movo-partners.com\/fr\/a-propos\/#primaryimage","url":"https:\/\/movo-partners.com\/wp-content\/uploads\/2023\/01\/mt-sample-background.jpg","contentUrl":"https:\/\/movo-partners.com\/wp-content\/uploads\/2023\/01\/mt-sample-background.jpg","width":1920,"height":1280},{"@type":"BreadcrumbList","@id":"https:\/\/movo-partners.com\/fr\/a-propos\/#breadcrumb","itemListElement":[{"@type":"ListItem","position":1,"name":"Accueil","item":"https:\/\/movo-partners.com\/fr\/"},{"@type":"ListItem","position":2,"name":"A propos"}]},{"@type":"WebSite","@id":"https:\/\/movo-partners.com\/fr\/#website","url":"https:\/\/movo-partners.com\/fr\/","name":"Movo Partners","description":"Change business to change the world","publisher":{"@id":"https:\/\/movo-partners.com\/fr\/#organization"},"potentialAction":[{"@type":"SearchAction","target":{"@type":"EntryPoint","urlTemplate":"https:\/\/movo-partners.com\/fr\/?s={search_term_string}"},"query-input":"required name=search_term_string"}],"inLanguage":"fr-FR"},{"@type":"Organization","@id":"https:\/\/movo-partners.com\/fr\/#organization","name":"Movo Partners","alternateName":"Movo","url":"https:\/\/movo-partners.com\/fr\/","logo":{"@type":"ImageObject","inLanguage":"fr-FR","@id":"https:\/\/movo-partners.com\/fr\/#\/schema\/logo\/image\/","url":"https:\/\/movo-partners.com\/wp-content\/uploads\/2023\/01\/logo-movo.png","contentUrl":"https:\/\/movo-partners.com\/wp-content\/uploads\/2023\/01\/logo-movo.png","width":191,"height":55,"caption":"Movo Partners"},"image":{"@id":"https:\/\/movo-partners.com\/fr\/#\/schema\/logo\/image\/"},"sameAs":["https:\/\/ch.linkedin.com\/company\/movopartners"]}]}},"_links":{"self":[{"href":"https:\/\/movo-partners.com\/fr\/wp-json\/wp\/v2\/pages\/118717","targetHints":{"allow":["GET"]}}],"collection":[{"href":"https:\/\/movo-partners.com\/fr\/wp-json\/wp\/v2\/pages"}],"about":[{"href":"https:\/\/movo-partners.com\/fr\/wp-json\/wp\/v2\/types\/page"}],"author":[{"embeddable":true,"href":"https:\/\/movo-partners.com\/fr\/wp-json\/wp\/v2\/users\/1"}],"replies":[{"embeddable":true,"href":"https:\/\/movo-partners.com\/fr\/wp-json\/wp\/v2\/comments?post=118717"}],"version-history":[{"count":6,"href":"https:\/\/movo-partners.com\/fr\/wp-json\/wp\/v2\/pages\/118717\/revisions"}],"predecessor-version":[{"id":119018,"href":"https:\/\/movo-partners.com\/fr\/wp-json\/wp\/v2\/pages\/118717\/revisions\/119018"}],"wp:featuredmedia":[{"embeddable":true,"href":"https:\/\/movo-partners.com\/fr\/wp-json\/wp\/v2\/media\/118567"}],"wp:attachment":[{"href":"https:\/\/movo-partners.com\/fr\/wp-json\/wp\/v2\/media?parent=118717"}],"curies":[{"name":"wp","href":"https:\/\/api.w.org\/{rel}","templated":true}]}}