{"id":118720,"date":"2023-06-22T13:02:17","date_gmt":"2023-06-22T11:02:17","guid":{"rendered":"https:\/\/movo-partners.com\/services-v2\/impact-assessment\/"},"modified":"2024-09-12T14:07:15","modified_gmt":"2024-09-12T12:07:15","slug":"evaluer-votre-impact","status":"publish","type":"page","link":"https:\/\/movo-partners.com\/fr\/notre-expertise\/evaluer-votre-impact\/","title":{"rendered":"Evaluer votre impact"},"content":{"rendered":"<div class=\"wpb-content-wrapper\"><p>[vc_row row_height_percent=\u00a0\u00bb85&Prime; override_padding=\u00a0\u00bbyes\u00a0\u00bb h_padding=\u00a0\u00bb2&Prime; top_padding=\u00a0\u00bb7&Prime; bottom_padding=\u00a0\u00bb7&Prime; back_color=\u00a0\u00bbcolor-wayh\u00a0\u00bb back_image=\u00a0\u00bb118216&Prime; back_position=\u00a0\u00bbcenter bottom\u00a0\u00bb overlay_color=\u00a0\u00bbcolor-jevc\u00a0\u00bb overlay_alpha=\u00a0\u00bb36&Prime; gutter_size=\u00a0\u00bb3&Prime; column_width_percent=\u00a0\u00bb100&Prime; shift_y=\u00a0\u00bb0&Prime; z_index=\u00a0\u00bb0&Prime; uncode_shortcode_id=\u00a0\u00bb189029&Prime; back_color_type=\u00a0\u00bbuncode-palette\u00a0\u00bb overlay_color_type=\u00a0\u00bbuncode-palette\u00a0\u00bb][vc_column column_width_percent=\u00a0\u00bb100&Prime; position_horizontal=\u00a0\u00bbleft\u00a0\u00bb position_vertical=\u00a0\u00bbmiddle\u00a0\u00bb gutter_size=\u00a0\u00bb2&Prime; style=\u00a0\u00bbdark\u00a0\u00bb overlay_alpha=\u00a0\u00bb50&Prime; shift_x=\u00a0\u00bb0&Prime; shift_y=\u00a0\u00bb0&Prime; shift_y_down=\u00a0\u00bb0&Prime; z_index=\u00a0\u00bb0&Prime; medium_width=\u00a0\u00bb0&Prime; mobile_width=\u00a0\u00bb0&Prime; width=\u00a0\u00bb1\/1&Prime;][vc_custom_heading text_font=\u00a0\u00bbfont-339240&Prime; text_size=\u00a0\u00bbfontsize-445851&Prime; text_weight=\u00a0\u00bb400&Prime; text_space=\u00a0\u00bbfontspace-781688&Prime; uncode_shortcode_id=\u00a0\u00bb476355&Prime;]Evaluer votre impact[\/vc_custom_heading][vc_empty_space][\/vc_column][\/vc_row][vc_row row_height_percent=\u00a0\u00bb0&Prime; override_padding=\u00a0\u00bbyes\u00a0\u00bb h_padding=\u00a0\u00bb2&Prime; top_padding=\u00a0\u00bb3&Prime; bottom_padding=\u00a0\u00bb3&Prime; back_color=\u00a0\u00bbcolor-xsdn\u00a0\u00bb overlay_alpha=\u00a0\u00bb50&Prime; gutter_size=\u00a0\u00bb3&Prime; column_width_percent=\u00a0\u00bb100&Prime; shift_y=\u00a0\u00bb0&Prime; z_index=\u00a0\u00bb0&Prime; uncode_shortcode_id=\u00a0\u00bb174654&Prime; back_color_type=\u00a0\u00bbuncode-palette\u00a0\u00bb row_name=\u00a0\u00bbExpertise\u00a0\u00bb][vc_column column_width_percent=\u00a0\u00bb100&Prime; position_vertical=\u00a0\u00bbmiddle\u00a0\u00bb gutter_size=\u00a0\u00bb4&Prime; overlay_alpha=\u00a0\u00bb50&Prime; shift_x=\u00a0\u00bb0&Prime; shift_y=\u00a0\u00bb0&Prime; shift_y_down=\u00a0\u00bb0&Prime; z_index=\u00a0\u00bb0&Prime; medium_width=\u00a0\u00bb0&Prime; mobile_width=\u00a0\u00bb0&Prime; css_animation=\u00a0\u00bbalpha-anim\u00a0\u00bb animation_speed=\u00a0\u00bb1000&Prime; width=\u00a0\u00bb1\/1&Prime; uncode_shortcode_id=\u00a0\u00bb136255&Prime;][vc_row_inner row_inner_height_percent=\u00a0\u00bb0&Prime; overlay_alpha=\u00a0\u00bb50&Prime; equal_height=\u00a0\u00bbyes\u00a0\u00bb gutter_size=\u00a0\u00bb2&Prime; shift_y=\u00a0\u00bb0&Prime; z_index=\u00a0\u00bb0&Prime; limit_content=\u00a0\u00bb\u00a0\u00bb uncode_shortcode_id=\u00a0\u00bb769479&Prime;][vc_column_inner column_width_percent=\u00a0\u00bb100&Prime; gutter_size=\u00a0\u00bb3&Prime; font_family=\u00a0\u00bbfont-339240&Prime; back_color=\u00a0\u00bbcolor-xsdn\u00a0\u00bb overlay_alpha=\u00a0\u00bb50&Prime; shift_x=\u00a0\u00bb0&Prime; shift_y=\u00a0\u00bb0&Prime; shift_y_down=\u00a0\u00bb0&Prime; z_index=\u00a0\u00bb0&Prime; medium_width=\u00a0\u00bb3&Prime; mobile_width=\u00a0\u00bb0&Prime; width=\u00a0\u00bb1\/6&Prime; uncode_shortcode_id=\u00a0\u00bb157884&Prime; back_color_type=\u00a0\u00bbuncode-palette\u00a0\u00bb][vc_icon icon=\u00a0\u00bbfa fa-recycle2&Prime; icon_color=\u00a0\u00bbcolor-prif\u00a0\u00bb size=\u00a0\u00bbfa-2x\u00a0\u00bb heading_semantic=\u00a0\u00bbh6&Prime; text_size=\u00a0\u00bbh6&Prime; linked_title=\u00a0\u00bbyes\u00a0\u00bb uncode_shortcode_id=\u00a0\u00bb203737&Prime; icon_color_type=\u00a0\u00bbuncode-palette\u00a0\u00bb title=\u00a0\u00bbPoser les bases\u00a0\u00bb link=\u00a0\u00bburl:https%3A%2F%2Fmovo-partners.com%2Ffr%2Fnotre-expertise%2Fposer-les-bases%2F\u00a0\u00bb][\/vc_icon][\/vc_column_inner][vc_column_inner column_width_percent=\u00a0\u00bb100&Prime; gutter_size=\u00a0\u00bb3&Prime; font_family=\u00a0\u00bbfont-339240&Prime; back_color=\u00a0\u00bbcolor-lxmt\u00a0\u00bb overlay_alpha=\u00a0\u00bb50&Prime; shift_x=\u00a0\u00bb0&Prime; shift_y=\u00a0\u00bb0&Prime; shift_y_down=\u00a0\u00bb0&Prime; z_index=\u00a0\u00bb0&Prime; medium_width=\u00a0\u00bb3&Prime; mobile_width=\u00a0\u00bb0&Prime; width=\u00a0\u00bb1\/6&Prime; uncode_shortcode_id=\u00a0\u00bb140664&Prime; back_color_type=\u00a0\u00bbuncode-palette\u00a0\u00bb][vc_icon icon=\u00a0\u00bbfa fa-globe2&Prime; icon_color=\u00a0\u00bbaccent\u00a0\u00bb size=\u00a0\u00bbfa-2x\u00a0\u00bb heading_semantic=\u00a0\u00bbh6&Prime; text_size=\u00a0\u00bbh6&Prime; linked_title=\u00a0\u00bbyes\u00a0\u00bb uncode_shortcode_id=\u00a0\u00bb449989&Prime; icon_color_type=\u00a0\u00bbuncode-palette\u00a0\u00bb title=\u00a0\u00bbEvaluer votre impact\u00a0\u00bb][\/vc_icon][\/vc_column_inner][vc_column_inner column_width_percent=\u00a0\u00bb100&Prime; gutter_size=\u00a0\u00bb3&Prime; back_color=\u00a0\u00bbcolor-xsdn\u00a0\u00bb overlay_alpha=\u00a0\u00bb50&Prime; shift_x=\u00a0\u00bb0&Prime; shift_y=\u00a0\u00bb0&Prime; shift_y_down=\u00a0\u00bb0&Prime; z_index=\u00a0\u00bb0&Prime; medium_width=\u00a0\u00bb0&Prime; mobile_width=\u00a0\u00bb0&Prime; width=\u00a0\u00bb1\/6&Prime; uncode_shortcode_id=\u00a0\u00bb172168&Prime; back_color_type=\u00a0\u00bbuncode-palette\u00a0\u00bb][vc_icon icon=\u00a0\u00bbfa fa-shield2&Prime; icon_color=\u00a0\u00bbcolor-wvjs\u00a0\u00bb size=\u00a0\u00bbfa-2x\u00a0\u00bb heading_semantic=\u00a0\u00bbh6&Prime; text_size=\u00a0\u00bbh6&Prime; linked_title=\u00a0\u00bbyes\u00a0\u00bb uncode_shortcode_id=\u00a0\u00bb594067&Prime; icon_color_type=\u00a0\u00bbuncode-palette\u00a0\u00bb title=\u00a0\u00bbFixer des objectifs\u00a0\u00bb link=\u00a0\u00bburl:https%3A%2F%2Fmovo-partners.com%2Ffr%2Fnotre-expertise%2Ffixer-des-objectifs%2F\u00a0\u00bb][\/vc_icon][\/vc_column_inner][vc_column_inner column_width_percent=\u00a0\u00bb100&Prime; gutter_size=\u00a0\u00bb3&Prime; back_color=\u00a0\u00bbcolor-xsdn\u00a0\u00bb overlay_alpha=\u00a0\u00bb50&Prime; shift_x=\u00a0\u00bb0&Prime; shift_y=\u00a0\u00bb0&Prime; shift_y_down=\u00a0\u00bb0&Prime; z_index=\u00a0\u00bb0&Prime; medium_width=\u00a0\u00bb0&Prime; mobile_width=\u00a0\u00bb0&Prime; width=\u00a0\u00bb1\/6&Prime; uncode_shortcode_id=\u00a0\u00bb172286&Prime; back_color_type=\u00a0\u00bbuncode-palette\u00a0\u00bb][vc_icon icon=\u00a0\u00bbfa fa-expand2&Prime; icon_color=\u00a0\u00bbcolor-wvjs\u00a0\u00bb size=\u00a0\u00bbfa-2x\u00a0\u00bb heading_semantic=\u00a0\u00bbh6&Prime; text_size=\u00a0\u00bbh6&Prime; linked_title=\u00a0\u00bbyes\u00a0\u00bb uncode_shortcode_id=\u00a0\u00bb679792&Prime; icon_color_type=\u00a0\u00bbuncode-palette\u00a0\u00bb title=\u00a0\u00bbMesurer les progr\u00e8s accomplis et Communiquer\u00a0\u00bb link=\u00a0\u00bburl:https%3A%2F%2Fmovo-partners.com%2Ffr%2Fnotre-expertise%2Fmesurer-les-progres-accomplis-et-communiquer%2F\u00a0\u00bb][\/vc_icon][\/vc_column_inner][vc_column_inner column_width_percent=\u00a0\u00bb100&Prime; gutter_size=\u00a0\u00bb3&Prime; back_color=\u00a0\u00bbcolor-xsdn\u00a0\u00bb overlay_alpha=\u00a0\u00bb50&Prime; shift_x=\u00a0\u00bb0&Prime; shift_y=\u00a0\u00bb0&Prime; shift_y_down=\u00a0\u00bb0&Prime; z_index=\u00a0\u00bb0&Prime; medium_width=\u00a0\u00bb0&Prime; mobile_width=\u00a0\u00bb0&Prime; width=\u00a0\u00bb1\/6&Prime; uncode_shortcode_id=\u00a0\u00bb168015&Prime; back_color_type=\u00a0\u00bbuncode-palette\u00a0\u00bb][vc_icon icon=\u00a0\u00bbfa fa-license\u00a0\u00bb icon_color=\u00a0\u00bbcolor-wvjs\u00a0\u00bb size=\u00a0\u00bbfa-2x\u00a0\u00bb heading_semantic=\u00a0\u00bbh6&Prime; text_size=\u00a0\u00bbh6&Prime; linked_title=\u00a0\u00bbyes\u00a0\u00bb uncode_shortcode_id=\u00a0\u00bb103628&Prime; icon_color_type=\u00a0\u00bbuncode-palette\u00a0\u00bb title=\u00a0\u00bbObtenir une certification\u00a0\u00bb link=\u00a0\u00bburl:https%3A%2F%2Fmovo-partners.com%2Ffr%2Fnotre-expertise%2Fobtenir-une-certification%2F\u00a0\u00bb][\/vc_icon][\/vc_column_inner][vc_column_inner width=\u00a0\u00bb1\/6&Prime;][\/vc_column_inner][\/vc_row_inner][\/vc_column][\/vc_row][vc_row row_height_percent=\u00a0\u00bb0&Prime; override_padding=\u00a0\u00bbyes\u00a0\u00bb h_padding=\u00a0\u00bb2&Prime; top_padding=\u00a0\u00bb5&Prime; bottom_padding=\u00a0\u00bb5&Prime; back_color=\u00a0\u00bbcolor-lxmt\u00a0\u00bb overlay_alpha=\u00a0\u00bb50&Prime; gutter_size=\u00a0\u00bb4&Prime; column_width_percent=\u00a0\u00bb100&Prime; shift_y=\u00a0\u00bb0&Prime; z_index=\u00a0\u00bb0&Prime; inverted_device_order=\u00a0\u00bbyes\u00a0\u00bb uncode_shortcode_id=\u00a0\u00bb115328&Prime; back_color_type=\u00a0\u00bbuncode-palette\u00a0\u00bb][vc_column column_width_percent=\u00a0\u00bb100&Prime; position_vertical=\u00a0\u00bbmiddle\u00a0\u00bb gutter_size=\u00a0\u00bb2&Prime; font_family=\u00a0\u00bbfont-136269&Prime; overlay_alpha=\u00a0\u00bb50&Prime; shift_x=\u00a0\u00bb0&Prime; shift_y=\u00a0\u00bb0&Prime; shift_y_down=\u00a0\u00bb0&Prime; z_index=\u00a0\u00bb0&Prime; medium_width=\u00a0\u00bb0&Prime; mobile_width=\u00a0\u00bb0&Prime; width=\u00a0\u00bb1\/1&Prime; uncode_shortcode_id=\u00a0\u00bb449776&Prime;][vc_column_text text_lead=\u00a0\u00bbyes\u00a0\u00bb uncode_shortcode_id=\u00a0\u00bb390194&Prime;]<\/p>\n<blockquote>\n<p style=\"text-align: left;\"><em>\u00ab\u00a0Ce qui est mesur\u00e9 est am\u00e9lior\u00e9.\u00a0\u00bb<\/em><\/p>\n<\/blockquote>\n<p>Peter Drucker<\/p>\n<p>L&rsquo;\u00e9valuation de la situation actuelle permet d&rsquo;obtenir un niveau de base auquel se r\u00e9f\u00e9rer par la suite. Il est essentiel de mettre en \u00e9vidence les forces et les faiblesses de votre strat\u00e9gie actuelle et d&rsquo;identifier les opportunit\u00e9s que vous pourriez exploiter ainsi que les menaces ou les risques potentiels que vous devriez att\u00e9nuer.<\/p>\n<p>L&rsquo;analyse d&rsquo;impact int\u00e8gre nombre de vos parties prenantes, telles que vos clients, vos collaborateurs, vos fournisseurs et d&rsquo;autres organisations touch\u00e9es par vos activit\u00e9s ou ayant un impact sur celles-ci ; et, bien s\u00fbr, sur l&rsquo;environnement. Nous estimons que les normes \u00e9tablies par <a href=\"https:\/\/movo-partners.com\/fr\/devenir-bcorp\/\">B Corp<\/a> et leur matrice d\u2019\u00e9valuation de l&rsquo;impact constituent un outil complet pour mesurer votre impact actuel et d\u00e9finir des axes d&rsquo;am\u00e9lioration.<\/p>\n<p>En ce qui concerne l&rsquo;impact environnemental, nous recommandons vivement de r\u00e9aliser une \u00e9valuation de <a href=\"https:\/\/movo-partners.com\/fr\/mesurer-lempreinte-carbone\/\">l&#8217;empreinte carbone<\/a> afin d&rsquo;identifier les principales sources d&rsquo;\u00e9missions de gaz \u00e0 effet de serre (GES), en particulier de dioxyde de carbone (CO2), dans le cadre de vos activit\u00e9s directes et indirectes (<a href=\"https:\/\/movo-partners.com\/wp-content\/uploads\/2024\/04\/MVO_SCOPE_FR_PROD2.png\">p\u00e9rim\u00e8tres 1, 2 et 3<\/a>). L&rsquo;\u00e9valuation comprend les 15 cat\u00e9gories d\u00e9finies par le GHG Protocol \u2013 le standard mondial le plus appliqu\u00e9 pour mesurer et g\u00e9rer les \u00e9missions de gaz \u00e0 effet de serre.<\/p>\n<p>Cela permet de mettre en \u00e9vidence les domaines sp\u00e9cifiques o\u00f9 les efforts peuvent \u00eatre concentr\u00e9s pour r\u00e9duire efficacement les \u00e9missions et contribuer \u00e0 atteindre les objectifs de l&rsquo;Accord de Paris visant \u00e0 limiter le r\u00e9chauffement climatique \u00e0 moins de 2\u00b0C par rapport aux niveaux pr\u00e9industriels.<\/p>\n<p>L&rsquo;analyse d&rsquo;impact fournit les bases n\u00e9cessaires \u00e0 <a href=\"https:\/\/movo-partners.com\/fr\/notre-expertise\/fixer-des-objectifs\/\">la d\u00e9finition d&rsquo;objectifs r\u00e9alistes et r\u00e9alisables<\/a>\u00a0et facilitera le travail pr\u00e9paratoire \u00e0 une \u00e9ventuelle certification.[\/vc_column_text][vc_empty_space empty_h=\u00a0\u00bb1&Prime;][\/vc_column][\/vc_row][vc_row row_height_percent=\u00a0\u00bb0&Prime; override_padding=\u00a0\u00bbyes\u00a0\u00bb h_padding=\u00a0\u00bb2&Prime; top_padding=\u00a0\u00bb5&Prime; bottom_padding=\u00a0\u00bb5&Prime; back_color=\u00a0\u00bbaccent\u00a0\u00bb overlay_alpha=\u00a0\u00bb50&Prime; gutter_size=\u00a0\u00bb3&Prime; column_width_percent=\u00a0\u00bb100&Prime; shift_y=\u00a0\u00bb0&Prime; z_index=\u00a0\u00bb0&Prime; uncode_shortcode_id=\u00a0\u00bb133036&Prime; back_color_type=\u00a0\u00bbuncode-palette\u00a0\u00bb][vc_column column_width_percent=\u00a0\u00bb100&Prime; position_vertical=\u00a0\u00bbmiddle\u00a0\u00bb align_horizontal=\u00a0\u00bbalign_center\u00a0\u00bb gutter_size=\u00a0\u00bb2&Prime; style=\u00a0\u00bbdark\u00a0\u00bb overlay_alpha=\u00a0\u00bb50&Prime; shift_x=\u00a0\u00bb0&Prime; shift_y=\u00a0\u00bb0&Prime; shift_y_down=\u00a0\u00bb0&Prime; z_index=\u00a0\u00bb0&Prime; medium_width=\u00a0\u00bb0&Prime; mobile_width=\u00a0\u00bb0&Prime; width=\u00a0\u00bb1\/1&Prime; uncode_shortcode_id=\u00a0\u00bb188418&Prime;][vc_custom_heading heading_semantic=\u00a0\u00bbh3&Prime; text_font=\u00a0\u00bbfont-136269&Prime; text_size=\u00a0\u00bbfontsize-155944&Prime; text_weight=\u00a0\u00bb500&Prime; uncode_shortcode_id=\u00a0\u00bb416624&Prime;]Pr\u00eat \u00e0 \u00e9valuer votre impact?[\/vc_custom_heading][vc_empty_space][vc_button size=\u00a0\u00bbbtn-lg\u00a0\u00bb text_skin=\u00a0\u00bbyes\u00a0\u00bb custom_typo=\u00a0\u00bbyes\u00a0\u00bb font_family=\u00a0\u00bbfont-136269&Prime; font_weight=\u00a0\u00bb500&Prime; border_width=\u00a0\u00bb0&Prime; link=\u00a0\u00bburl:https%3A%2F%2Fmovo-partners.com%2Fcontact%2F\u00a0\u00bb uncode_shortcode_id=\u00a0\u00bb111783&Prime;]nous contacter[\/vc_button][\/vc_column][\/vc_row]<\/p>\n<\/div>","protected":false},"excerpt":{"rendered":"<p>[vc_row row_height_percent=\u00a0\u00bb85&Prime; override_padding=\u00a0\u00bbyes\u00a0\u00bb h_padding=\u00a0\u00bb2&Prime; top_padding=\u00a0\u00bb7&Prime; bottom_padding=\u00a0\u00bb7&Prime; back_color=\u00a0\u00bbcolor-wayh\u00a0\u00bb back_image=\u00a0\u00bb118216&Prime; back_position=\u00a0\u00bbcenter bottom\u00a0\u00bb overlay_color=\u00a0\u00bbcolor-jevc\u00a0\u00bb overlay_alpha=\u00a0\u00bb36&Prime; gutter_size=\u00a0\u00bb3&Prime; column_width_percent=\u00a0\u00bb100&Prime; shift_y=\u00a0\u00bb0&Prime; z_index=\u00a0\u00bb0&Prime; uncode_shortcode_id=\u00a0\u00bb189029&Prime; back_color_type=\u00a0\u00bbuncode-palette\u00a0\u00bb overlay_color_type=\u00a0\u00bbuncode-palette\u00a0\u00bb][vc_column column_width_percent=\u00a0\u00bb100&Prime; [&hellip;]<\/p>\n","protected":false},"author":1,"featured_media":0,"parent":118719,"menu_order":1,"comment_status":"closed","ping_status":"closed","template":"","meta":{"footnotes":""},"class_list":["post-118720","page","type-page","status-publish","hentry"],"yoast_head":"<!-- This site is optimized with the Yoast SEO plugin v22.3 - https:\/\/yoast.com\/wordpress\/plugins\/seo\/ -->\n<title>Evaluer votre impact - Movo Partners<\/title>\n<meta name=\"robots\" content=\"index, follow, max-snippet:-1, max-image-preview:large, max-video-preview:-1\" \/>\n<link rel=\"canonical\" href=\"https:\/\/movo-partners.com\/fr\/notre-expertise\/evaluer-votre-impact\/\" \/>\n<meta property=\"og:locale\" content=\"fr_FR\" \/>\n<meta property=\"og:type\" content=\"article\" \/>\n<meta property=\"og:title\" content=\"Evaluer votre impact - Movo Partners\" \/>\n<meta property=\"og:description\" content=\"[vc_row row_height_percent=\u00a0\u00bb85&Prime; override_padding=\u00a0\u00bbyes\u00a0\u00bb h_padding=\u00a0\u00bb2&Prime; top_padding=\u00a0\u00bb7&Prime; bottom_padding=\u00a0\u00bb7&Prime; back_color=\u00a0\u00bbcolor-wayh\u00a0\u00bb back_image=\u00a0\u00bb118216&Prime; back_position=\u00a0\u00bbcenter bottom\u00a0\u00bb overlay_color=\u00a0\u00bbcolor-jevc\u00a0\u00bb overlay_alpha=\u00a0\u00bb36&Prime; gutter_size=\u00a0\u00bb3&Prime; column_width_percent=\u00a0\u00bb100&Prime; shift_y=\u00a0\u00bb0&Prime; z_index=\u00a0\u00bb0&Prime; uncode_shortcode_id=\u00a0\u00bb189029&Prime; back_color_type=\u00a0\u00bbuncode-palette\u00a0\u00bb overlay_color_type=\u00a0\u00bbuncode-palette\u00a0\u00bb][vc_column column_width_percent=\u00a0\u00bb100&Prime; [&hellip;]\" \/>\n<meta property=\"og:url\" content=\"https:\/\/movo-partners.com\/fr\/notre-expertise\/evaluer-votre-impact\/\" \/>\n<meta property=\"og:site_name\" content=\"Movo Partners\" \/>\n<meta property=\"article:modified_time\" content=\"2024-09-12T12:07:15+00:00\" \/>\n<meta name=\"twitter:card\" content=\"summary_large_image\" \/>\n<meta name=\"twitter:label1\" content=\"Dur\u00e9e de lecture estim\u00e9e\" \/>\n\t<meta name=\"twitter:data1\" content=\"3 minutes\" \/>\n<script type=\"application\/ld+json\" class=\"yoast-schema-graph\">{\"@context\":\"https:\/\/schema.org\",\"@graph\":[{\"@type\":\"WebPage\",\"@id\":\"https:\/\/movo-partners.com\/fr\/notre-expertise\/evaluer-votre-impact\/\",\"url\":\"https:\/\/movo-partners.com\/fr\/notre-expertise\/evaluer-votre-impact\/\",\"name\":\"Evaluer votre impact - Movo Partners\",\"isPartOf\":{\"@id\":\"https:\/\/movo-partners.com\/fr\/#website\"},\"datePublished\":\"2023-06-22T11:02:17+00:00\",\"dateModified\":\"2024-09-12T12:07:15+00:00\",\"breadcrumb\":{\"@id\":\"https:\/\/movo-partners.com\/fr\/notre-expertise\/evaluer-votre-impact\/#breadcrumb\"},\"inLanguage\":\"fr-FR\",\"potentialAction\":[{\"@type\":\"ReadAction\",\"target\":[\"https:\/\/movo-partners.com\/fr\/notre-expertise\/evaluer-votre-impact\/\"]}]},{\"@type\":\"BreadcrumbList\",\"@id\":\"https:\/\/movo-partners.com\/fr\/notre-expertise\/evaluer-votre-impact\/#breadcrumb\",\"itemListElement\":[{\"@type\":\"ListItem\",\"position\":1,\"name\":\"Accueil\",\"item\":\"https:\/\/movo-partners.com\/fr\/\"},{\"@type\":\"ListItem\",\"position\":2,\"name\":\"Notre expertise\",\"item\":\"https:\/\/movo-partners.com\/fr\/notre-expertise\/\"},{\"@type\":\"ListItem\",\"position\":3,\"name\":\"Evaluer votre impact\"}]},{\"@type\":\"WebSite\",\"@id\":\"https:\/\/movo-partners.com\/fr\/#website\",\"url\":\"https:\/\/movo-partners.com\/fr\/\",\"name\":\"Movo Partners\",\"description\":\"Change business to change the world\",\"publisher\":{\"@id\":\"https:\/\/movo-partners.com\/fr\/#organization\"},\"potentialAction\":[{\"@type\":\"SearchAction\",\"target\":{\"@type\":\"EntryPoint\",\"urlTemplate\":\"https:\/\/movo-partners.com\/fr\/?s={search_term_string}\"},\"query-input\":\"required name=search_term_string\"}],\"inLanguage\":\"fr-FR\"},{\"@type\":\"Organization\",\"@id\":\"https:\/\/movo-partners.com\/fr\/#organization\",\"name\":\"Movo Partners\",\"alternateName\":\"Movo\",\"url\":\"https:\/\/movo-partners.com\/fr\/\",\"logo\":{\"@type\":\"ImageObject\",\"inLanguage\":\"fr-FR\",\"@id\":\"https:\/\/movo-partners.com\/fr\/#\/schema\/logo\/image\/\",\"url\":\"https:\/\/movo-partners.com\/wp-content\/uploads\/2023\/01\/logo-movo.png\",\"contentUrl\":\"https:\/\/movo-partners.com\/wp-content\/uploads\/2023\/01\/logo-movo.png\",\"width\":191,\"height\":55,\"caption\":\"Movo Partners\"},\"image\":{\"@id\":\"https:\/\/movo-partners.com\/fr\/#\/schema\/logo\/image\/\"},\"sameAs\":[\"https:\/\/ch.linkedin.com\/company\/movopartners\"]}]}<\/script>\n<!-- \/ Yoast SEO plugin. -->","yoast_head_json":{"title":"Evaluer votre impact - Movo Partners","robots":{"index":"index","follow":"follow","max-snippet":"max-snippet:-1","max-image-preview":"max-image-preview:large","max-video-preview":"max-video-preview:-1"},"canonical":"https:\/\/movo-partners.com\/fr\/notre-expertise\/evaluer-votre-impact\/","og_locale":"fr_FR","og_type":"article","og_title":"Evaluer votre impact - Movo Partners","og_description":"[vc_row row_height_percent=\u00a0\u00bb85&Prime; override_padding=\u00a0\u00bbyes\u00a0\u00bb h_padding=\u00a0\u00bb2&Prime; top_padding=\u00a0\u00bb7&Prime; bottom_padding=\u00a0\u00bb7&Prime; back_color=\u00a0\u00bbcolor-wayh\u00a0\u00bb back_image=\u00a0\u00bb118216&Prime; back_position=\u00a0\u00bbcenter bottom\u00a0\u00bb overlay_color=\u00a0\u00bbcolor-jevc\u00a0\u00bb overlay_alpha=\u00a0\u00bb36&Prime; gutter_size=\u00a0\u00bb3&Prime; column_width_percent=\u00a0\u00bb100&Prime; shift_y=\u00a0\u00bb0&Prime; z_index=\u00a0\u00bb0&Prime; uncode_shortcode_id=\u00a0\u00bb189029&Prime; back_color_type=\u00a0\u00bbuncode-palette\u00a0\u00bb overlay_color_type=\u00a0\u00bbuncode-palette\u00a0\u00bb][vc_column column_width_percent=\u00a0\u00bb100&Prime; [&hellip;]","og_url":"https:\/\/movo-partners.com\/fr\/notre-expertise\/evaluer-votre-impact\/","og_site_name":"Movo Partners","article_modified_time":"2024-09-12T12:07:15+00:00","twitter_card":"summary_large_image","twitter_misc":{"Dur\u00e9e de lecture estim\u00e9e":"3 minutes"},"schema":{"@context":"https:\/\/schema.org","@graph":[{"@type":"WebPage","@id":"https:\/\/movo-partners.com\/fr\/notre-expertise\/evaluer-votre-impact\/","url":"https:\/\/movo-partners.com\/fr\/notre-expertise\/evaluer-votre-impact\/","name":"Evaluer votre impact - Movo Partners","isPartOf":{"@id":"https:\/\/movo-partners.com\/fr\/#website"},"datePublished":"2023-06-22T11:02:17+00:00","dateModified":"2024-09-12T12:07:15+00:00","breadcrumb":{"@id":"https:\/\/movo-partners.com\/fr\/notre-expertise\/evaluer-votre-impact\/#breadcrumb"},"inLanguage":"fr-FR","potentialAction":[{"@type":"ReadAction","target":["https:\/\/movo-partners.com\/fr\/notre-expertise\/evaluer-votre-impact\/"]}]},{"@type":"BreadcrumbList","@id":"https:\/\/movo-partners.com\/fr\/notre-expertise\/evaluer-votre-impact\/#breadcrumb","itemListElement":[{"@type":"ListItem","position":1,"name":"Accueil","item":"https:\/\/movo-partners.com\/fr\/"},{"@type":"ListItem","position":2,"name":"Notre expertise","item":"https:\/\/movo-partners.com\/fr\/notre-expertise\/"},{"@type":"ListItem","position":3,"name":"Evaluer votre impact"}]},{"@type":"WebSite","@id":"https:\/\/movo-partners.com\/fr\/#website","url":"https:\/\/movo-partners.com\/fr\/","name":"Movo Partners","description":"Change business to change the world","publisher":{"@id":"https:\/\/movo-partners.com\/fr\/#organization"},"potentialAction":[{"@type":"SearchAction","target":{"@type":"EntryPoint","urlTemplate":"https:\/\/movo-partners.com\/fr\/?s={search_term_string}"},"query-input":"required name=search_term_string"}],"inLanguage":"fr-FR"},{"@type":"Organization","@id":"https:\/\/movo-partners.com\/fr\/#organization","name":"Movo Partners","alternateName":"Movo","url":"https:\/\/movo-partners.com\/fr\/","logo":{"@type":"ImageObject","inLanguage":"fr-FR","@id":"https:\/\/movo-partners.com\/fr\/#\/schema\/logo\/image\/","url":"https:\/\/movo-partners.com\/wp-content\/uploads\/2023\/01\/logo-movo.png","contentUrl":"https:\/\/movo-partners.com\/wp-content\/uploads\/2023\/01\/logo-movo.png","width":191,"height":55,"caption":"Movo Partners"},"image":{"@id":"https:\/\/movo-partners.com\/fr\/#\/schema\/logo\/image\/"},"sameAs":["https:\/\/ch.linkedin.com\/company\/movopartners"]}]}},"_links":{"self":[{"href":"https:\/\/movo-partners.com\/fr\/wp-json\/wp\/v2\/pages\/118720","targetHints":{"allow":["GET"]}}],"collection":[{"href":"https:\/\/movo-partners.com\/fr\/wp-json\/wp\/v2\/pages"}],"about":[{"href":"https:\/\/movo-partners.com\/fr\/wp-json\/wp\/v2\/types\/page"}],"author":[{"embeddable":true,"href":"https:\/\/movo-partners.com\/fr\/wp-json\/wp\/v2\/users\/1"}],"replies":[{"embeddable":true,"href":"https:\/\/movo-partners.com\/fr\/wp-json\/wp\/v2\/comments?post=118720"}],"version-history":[{"count":8,"href":"https:\/\/movo-partners.com\/fr\/wp-json\/wp\/v2\/pages\/118720\/revisions"}],"predecessor-version":[{"id":119162,"href":"https:\/\/movo-partners.com\/fr\/wp-json\/wp\/v2\/pages\/118720\/revisions\/119162"}],"up":[{"embeddable":true,"href":"https:\/\/movo-partners.com\/fr\/wp-json\/wp\/v2\/pages\/118719"}],"wp:attachment":[{"href":"https:\/\/movo-partners.com\/fr\/wp-json\/wp\/v2\/media?parent=118720"}],"curies":[{"name":"wp","href":"https:\/\/api.w.org\/{rel}","templated":true}]}}