{"id":118723,"date":"2023-06-22T13:19:58","date_gmt":"2023-06-22T11:19:58","guid":{"rendered":"https:\/\/movo-partners.com\/services-v2\/measure-progress-communicate\/"},"modified":"2024-09-12T14:15:29","modified_gmt":"2024-09-12T12:15:29","slug":"mesurer-les-progres-accomplis-et-communiquer","status":"publish","type":"page","link":"https:\/\/movo-partners.com\/fr\/notre-expertise\/mesurer-les-progres-accomplis-et-communiquer\/","title":{"rendered":"Mesurer les progr\u00e8s accomplis et Communiquer"},"content":{"rendered":"<div class=\"wpb-content-wrapper\"><p>[vc_row row_height_percent=\u00a0\u00bb85&Prime; override_padding=\u00a0\u00bbyes\u00a0\u00bb h_padding=\u00a0\u00bb2&Prime; top_padding=\u00a0\u00bb7&Prime; bottom_padding=\u00a0\u00bb7&Prime; back_color=\u00a0\u00bbcolor-wayh\u00a0\u00bb back_image=\u00a0\u00bb118216&Prime; back_position=\u00a0\u00bbcenter bottom\u00a0\u00bb overlay_color=\u00a0\u00bbcolor-jevc\u00a0\u00bb overlay_alpha=\u00a0\u00bb36&Prime; gutter_size=\u00a0\u00bb3&Prime; column_width_percent=\u00a0\u00bb100&Prime; shift_y=\u00a0\u00bb0&Prime; z_index=\u00a0\u00bb0&Prime; uncode_shortcode_id=\u00a0\u00bb189029&Prime; back_color_type=\u00a0\u00bbuncode-palette\u00a0\u00bb overlay_color_type=\u00a0\u00bbuncode-palette\u00a0\u00bb][vc_column column_width_percent=\u00a0\u00bb100&Prime; position_horizontal=\u00a0\u00bbleft\u00a0\u00bb position_vertical=\u00a0\u00bbmiddle\u00a0\u00bb gutter_size=\u00a0\u00bb2&Prime; style=\u00a0\u00bbdark\u00a0\u00bb overlay_alpha=\u00a0\u00bb50&Prime; shift_x=\u00a0\u00bb0&Prime; shift_y=\u00a0\u00bb0&Prime; shift_y_down=\u00a0\u00bb0&Prime; z_index=\u00a0\u00bb0&Prime; medium_width=\u00a0\u00bb0&Prime; mobile_width=\u00a0\u00bb0&Prime; width=\u00a0\u00bb1\/1&Prime;][vc_custom_heading text_font=\u00a0\u00bbfont-339240&Prime; text_size=\u00a0\u00bbfontsize-445851&Prime; text_weight=\u00a0\u00bb400&Prime; text_space=\u00a0\u00bbfontspace-781688&Prime; uncode_shortcode_id=\u00a0\u00bb123795&Prime;]Mesurer les progr\u00e8s accomplis et Communiquer[\/vc_custom_heading][vc_empty_space][\/vc_column][\/vc_row][vc_row row_height_percent=\u00a0\u00bb0&Prime; override_padding=\u00a0\u00bbyes\u00a0\u00bb h_padding=\u00a0\u00bb2&Prime; top_padding=\u00a0\u00bb3&Prime; bottom_padding=\u00a0\u00bb3&Prime; back_color=\u00a0\u00bbcolor-xsdn\u00a0\u00bb overlay_alpha=\u00a0\u00bb50&Prime; gutter_size=\u00a0\u00bb3&Prime; column_width_percent=\u00a0\u00bb100&Prime; shift_y=\u00a0\u00bb0&Prime; z_index=\u00a0\u00bb0&Prime; uncode_shortcode_id=\u00a0\u00bb174654&Prime; back_color_type=\u00a0\u00bbuncode-palette\u00a0\u00bb row_name=\u00a0\u00bbExpertise\u00a0\u00bb][vc_column column_width_percent=\u00a0\u00bb100&Prime; position_vertical=\u00a0\u00bbmiddle\u00a0\u00bb gutter_size=\u00a0\u00bb4&Prime; overlay_alpha=\u00a0\u00bb50&Prime; shift_x=\u00a0\u00bb0&Prime; shift_y=\u00a0\u00bb0&Prime; shift_y_down=\u00a0\u00bb0&Prime; z_index=\u00a0\u00bb0&Prime; medium_width=\u00a0\u00bb0&Prime; mobile_width=\u00a0\u00bb0&Prime; css_animation=\u00a0\u00bbalpha-anim\u00a0\u00bb animation_speed=\u00a0\u00bb1000&Prime; width=\u00a0\u00bb1\/1&Prime; uncode_shortcode_id=\u00a0\u00bb136255&Prime;][vc_row_inner row_inner_height_percent=\u00a0\u00bb0&Prime; overlay_alpha=\u00a0\u00bb50&Prime; equal_height=\u00a0\u00bbyes\u00a0\u00bb gutter_size=\u00a0\u00bb2&Prime; shift_y=\u00a0\u00bb0&Prime; z_index=\u00a0\u00bb0&Prime; limit_content=\u00a0\u00bb\u00a0\u00bb uncode_shortcode_id=\u00a0\u00bb769479&Prime;][vc_column_inner column_width_percent=\u00a0\u00bb100&Prime; gutter_size=\u00a0\u00bb3&Prime; font_family=\u00a0\u00bbfont-339240&Prime; back_color=\u00a0\u00bbcolor-xsdn\u00a0\u00bb overlay_alpha=\u00a0\u00bb50&Prime; shift_x=\u00a0\u00bb0&Prime; shift_y=\u00a0\u00bb0&Prime; shift_y_down=\u00a0\u00bb0&Prime; z_index=\u00a0\u00bb0&Prime; medium_width=\u00a0\u00bb3&Prime; mobile_width=\u00a0\u00bb0&Prime; width=\u00a0\u00bb1\/6&Prime; uncode_shortcode_id=\u00a0\u00bb157884&Prime; back_color_type=\u00a0\u00bbuncode-palette\u00a0\u00bb][vc_icon icon=\u00a0\u00bbfa fa-recycle2&Prime; icon_color=\u00a0\u00bbcolor-prif\u00a0\u00bb size=\u00a0\u00bbfa-2x\u00a0\u00bb heading_semantic=\u00a0\u00bbh6&Prime; text_size=\u00a0\u00bbh6&Prime; linked_title=\u00a0\u00bbyes\u00a0\u00bb uncode_shortcode_id=\u00a0\u00bb721441&Prime; icon_color_type=\u00a0\u00bbuncode-palette\u00a0\u00bb title=\u00a0\u00bbPoser les bases\u00a0\u00bb link=\u00a0\u00bburl:https%3A%2F%2Fmovo-partners.com%2Ffr%2Fnotre-expertise%2Fposer-les-bases%2F\u00a0\u00bb][\/vc_icon][\/vc_column_inner][vc_column_inner column_width_percent=\u00a0\u00bb100&Prime; gutter_size=\u00a0\u00bb3&Prime; font_family=\u00a0\u00bbfont-339240&Prime; back_color=\u00a0\u00bbcolor-xsdn\u00a0\u00bb overlay_alpha=\u00a0\u00bb50&Prime; shift_x=\u00a0\u00bb0&Prime; shift_y=\u00a0\u00bb0&Prime; shift_y_down=\u00a0\u00bb0&Prime; z_index=\u00a0\u00bb0&Prime; medium_width=\u00a0\u00bb3&Prime; mobile_width=\u00a0\u00bb0&Prime; width=\u00a0\u00bb1\/6&Prime; uncode_shortcode_id=\u00a0\u00bb922897&Prime; back_color_type=\u00a0\u00bbuncode-palette\u00a0\u00bb][vc_icon icon=\u00a0\u00bbfa fa-globe2&Prime; icon_color=\u00a0\u00bbcolor-prif\u00a0\u00bb size=\u00a0\u00bbfa-2x\u00a0\u00bb heading_semantic=\u00a0\u00bbh6&Prime; text_size=\u00a0\u00bbh6&Prime; linked_title=\u00a0\u00bbyes\u00a0\u00bb uncode_shortcode_id=\u00a0\u00bb785171&Prime; icon_color_type=\u00a0\u00bbuncode-palette\u00a0\u00bb title=\u00a0\u00bbEvaluer l\u2019impact\u00a0\u00bb link=\u00a0\u00bburl:https%3A%2F%2Fmovo-partners.com%2Ffr%2Fnotre-expertise%2Fevaluer-votre-impact%2F\u00a0\u00bb][\/vc_icon][\/vc_column_inner][vc_column_inner column_width_percent=\u00a0\u00bb100&Prime; gutter_size=\u00a0\u00bb3&Prime; back_color=\u00a0\u00bbcolor-xsdn\u00a0\u00bb overlay_alpha=\u00a0\u00bb50&Prime; shift_x=\u00a0\u00bb0&Prime; shift_y=\u00a0\u00bb0&Prime; shift_y_down=\u00a0\u00bb0&Prime; z_index=\u00a0\u00bb0&Prime; medium_width=\u00a0\u00bb0&Prime; mobile_width=\u00a0\u00bb0&Prime; width=\u00a0\u00bb1\/6&Prime; uncode_shortcode_id=\u00a0\u00bb245888&Prime; back_color_type=\u00a0\u00bbuncode-palette\u00a0\u00bb][vc_icon icon=\u00a0\u00bbfa fa-shield2&Prime; icon_color=\u00a0\u00bbcolor-prif\u00a0\u00bb size=\u00a0\u00bbfa-2x\u00a0\u00bb heading_semantic=\u00a0\u00bbh6&Prime; text_size=\u00a0\u00bbh6&Prime; linked_title=\u00a0\u00bbyes\u00a0\u00bb uncode_shortcode_id=\u00a0\u00bb176167&Prime; icon_color_type=\u00a0\u00bbuncode-palette\u00a0\u00bb title=\u00a0\u00bbFixer des objectifs\u00a0\u00bb link=\u00a0\u00bburl:https%3A%2F%2Fmovo-partners.com%2Ffr%2Fnotre-expertise%2Ffixer-des-objectifs%2F\u00a0\u00bb][\/vc_icon][\/vc_column_inner][vc_column_inner column_width_percent=\u00a0\u00bb100&Prime; gutter_size=\u00a0\u00bb3&Prime; back_color=\u00a0\u00bbcolor-lxmt\u00a0\u00bb overlay_alpha=\u00a0\u00bb50&Prime; shift_x=\u00a0\u00bb0&Prime; shift_y=\u00a0\u00bb0&Prime; shift_y_down=\u00a0\u00bb0&Prime; z_index=\u00a0\u00bb0&Prime; medium_width=\u00a0\u00bb0&Prime; mobile_width=\u00a0\u00bb0&Prime; width=\u00a0\u00bb1\/6&Prime; uncode_shortcode_id=\u00a0\u00bb206256&Prime; back_color_type=\u00a0\u00bbuncode-palette\u00a0\u00bb][vc_icon icon=\u00a0\u00bbfa fa-expand2&Prime; icon_color=\u00a0\u00bbaccent\u00a0\u00bb size=\u00a0\u00bbfa-2x\u00a0\u00bb heading_semantic=\u00a0\u00bbh6&Prime; text_size=\u00a0\u00bbh6&Prime; linked_title=\u00a0\u00bbyes\u00a0\u00bb uncode_shortcode_id=\u00a0\u00bb153859&Prime; icon_color_type=\u00a0\u00bbuncode-palette\u00a0\u00bb title=\u00a0\u00bbMesurer les progr\u00e8s accomplis et Communiquer\u00a0\u00bb][\/vc_icon][\/vc_column_inner][vc_column_inner column_width_percent=\u00a0\u00bb100&Prime; gutter_size=\u00a0\u00bb3&Prime; back_color=\u00a0\u00bbcolor-xsdn\u00a0\u00bb overlay_alpha=\u00a0\u00bb50&Prime; shift_x=\u00a0\u00bb0&Prime; shift_y=\u00a0\u00bb0&Prime; shift_y_down=\u00a0\u00bb0&Prime; z_index=\u00a0\u00bb0&Prime; medium_width=\u00a0\u00bb0&Prime; mobile_width=\u00a0\u00bb0&Prime; width=\u00a0\u00bb1\/6&Prime; uncode_shortcode_id=\u00a0\u00bb168015&Prime; back_color_type=\u00a0\u00bbuncode-palette\u00a0\u00bb][vc_icon icon=\u00a0\u00bbfa fa-license\u00a0\u00bb icon_color=\u00a0\u00bbcolor-wvjs\u00a0\u00bb size=\u00a0\u00bbfa-2x\u00a0\u00bb heading_semantic=\u00a0\u00bbh6&Prime; text_size=\u00a0\u00bbh6&Prime; linked_title=\u00a0\u00bbyes\u00a0\u00bb uncode_shortcode_id=\u00a0\u00bb128269&Prime; icon_color_type=\u00a0\u00bbuncode-palette\u00a0\u00bb title=\u00a0\u00bbObtenir une certification\u00a0\u00bb link=\u00a0\u00bburl:https%3A%2F%2Fmovo-partners.com%2Ffr%2Fnotre-expertise%2Fobtenir-une-certification%2F\u00a0\u00bb][\/vc_icon][\/vc_column_inner][vc_column_inner width=\u00a0\u00bb1\/6&Prime;][\/vc_column_inner][\/vc_row_inner][\/vc_column][\/vc_row][vc_row row_height_percent=\u00a0\u00bb0&Prime; override_padding=\u00a0\u00bbyes\u00a0\u00bb h_padding=\u00a0\u00bb2&Prime; top_padding=\u00a0\u00bb5&Prime; bottom_padding=\u00a0\u00bb5&Prime; back_color=\u00a0\u00bbcolor-lxmt\u00a0\u00bb overlay_alpha=\u00a0\u00bb50&Prime; gutter_size=\u00a0\u00bb4&Prime; column_width_percent=\u00a0\u00bb100&Prime; shift_y=\u00a0\u00bb0&Prime; z_index=\u00a0\u00bb0&Prime; inverted_device_order=\u00a0\u00bbyes\u00a0\u00bb uncode_shortcode_id=\u00a0\u00bb115328&Prime; back_color_type=\u00a0\u00bbuncode-palette\u00a0\u00bb][vc_column column_width_percent=\u00a0\u00bb100&Prime; position_vertical=\u00a0\u00bbmiddle\u00a0\u00bb gutter_size=\u00a0\u00bb2&Prime; font_family=\u00a0\u00bbfont-136269&Prime; overlay_alpha=\u00a0\u00bb50&Prime; shift_x=\u00a0\u00bb0&Prime; shift_y=\u00a0\u00bb0&Prime; shift_y_down=\u00a0\u00bb0&Prime; z_index=\u00a0\u00bb0&Prime; medium_width=\u00a0\u00bb0&Prime; mobile_width=\u00a0\u00bb0&Prime; width=\u00a0\u00bb1\/1&Prime; uncode_shortcode_id=\u00a0\u00bb449776&Prime;][vc_column_text text_lead=\u00a0\u00bbyes\u00a0\u00bb uncode_shortcode_id=\u00a0\u00bb874590&Prime;]En mesurant les progr\u00e8s r\u00e9alis\u00e9s, il est possible de mettre en \u00e9vidence les r\u00e9ussites et d&rsquo;identifier les domaines restants \u00e0 am\u00e9liorer. Dans les deux cas, vous tirez des enseignements pr\u00e9cieux qui vous permettront d&rsquo;optimiser vos performances \u00e0 l&rsquo;avenir. Communiquer ouvertement sur les progr\u00e8s accomplis favorise la transparence et renforce la confiance entre les parties prenantes.<\/p>\n<p>Nous pouvons vous aider \u00e0 pr\u00e9parer des communications l\u00e9gitimes et authentiques, \u00e0 l&rsquo;intention de vos parties prenantes internes et externes, qui refl\u00e8tent la r\u00e9alit\u00e9 de votre parcours vers une entreprise plus responsable et qui \u00e9vitent les pi\u00e8ges de l&rsquo;\u00e9coblanchiment (greenwashing).<\/p>\n<p><a href=\"https:\/\/movo-partners.com\/fr\/notre-expertise\/obtenir-une-certification\/\">Une certification tierce<\/a> reconnue peut contribuer \u00e0 renforcer la cr\u00e9dibilit\u00e9 de votre communication.[\/vc_column_text][vc_empty_space empty_h=\u00a0\u00bb1&Prime;][\/vc_column][\/vc_row][vc_row row_height_percent=\u00a0\u00bb0&Prime; override_padding=\u00a0\u00bbyes\u00a0\u00bb h_padding=\u00a0\u00bb2&Prime; top_padding=\u00a0\u00bb5&Prime; bottom_padding=\u00a0\u00bb5&Prime; back_color=\u00a0\u00bbaccent\u00a0\u00bb overlay_alpha=\u00a0\u00bb50&Prime; gutter_size=\u00a0\u00bb3&Prime; column_width_percent=\u00a0\u00bb100&Prime; shift_y=\u00a0\u00bb0&Prime; z_index=\u00a0\u00bb0&Prime; uncode_shortcode_id=\u00a0\u00bb148660&Prime; back_color_type=\u00a0\u00bbuncode-palette\u00a0\u00bb][vc_column column_width_percent=\u00a0\u00bb100&Prime; position_vertical=\u00a0\u00bbmiddle\u00a0\u00bb align_horizontal=\u00a0\u00bbalign_center\u00a0\u00bb gutter_size=\u00a0\u00bb2&Prime; style=\u00a0\u00bbdark\u00a0\u00bb overlay_alpha=\u00a0\u00bb50&Prime; shift_x=\u00a0\u00bb0&Prime; shift_y=\u00a0\u00bb0&Prime; shift_y_down=\u00a0\u00bb0&Prime; z_index=\u00a0\u00bb0&Prime; medium_width=\u00a0\u00bb0&Prime; mobile_width=\u00a0\u00bb0&Prime; width=\u00a0\u00bb1\/1&Prime; uncode_shortcode_id=\u00a0\u00bb219461&Prime;][vc_custom_heading heading_semantic=\u00a0\u00bbh3&Prime; text_font=\u00a0\u00bbfont-136269&Prime; text_size=\u00a0\u00bbfontsize-155944&Prime; text_weight=\u00a0\u00bb500&Prime; uncode_shortcode_id=\u00a0\u00bb177631&Prime;]Envie de vous exprimer?[\/vc_custom_heading][vc_empty_space][vc_button size=\u00a0\u00bbbtn-lg\u00a0\u00bb text_skin=\u00a0\u00bbyes\u00a0\u00bb custom_typo=\u00a0\u00bbyes\u00a0\u00bb font_family=\u00a0\u00bbfont-136269&Prime; font_weight=\u00a0\u00bb500&Prime; border_width=\u00a0\u00bb0&Prime; link=\u00a0\u00bburl:https%3A%2F%2Fmovo-partners.com%2Fcontact%2F\u00a0\u00bb uncode_shortcode_id=\u00a0\u00bb131292&Prime;]nous contacter[\/vc_button][\/vc_column][\/vc_row]<\/p>\n<\/div>","protected":false},"excerpt":{"rendered":"<p>[vc_row row_height_percent=\u00a0\u00bb85&Prime; override_padding=\u00a0\u00bbyes\u00a0\u00bb h_padding=\u00a0\u00bb2&Prime; top_padding=\u00a0\u00bb7&Prime; bottom_padding=\u00a0\u00bb7&Prime; back_color=\u00a0\u00bbcolor-wayh\u00a0\u00bb back_image=\u00a0\u00bb118216&Prime; back_position=\u00a0\u00bbcenter bottom\u00a0\u00bb overlay_color=\u00a0\u00bbcolor-jevc\u00a0\u00bb overlay_alpha=\u00a0\u00bb36&Prime; gutter_size=\u00a0\u00bb3&Prime; column_width_percent=\u00a0\u00bb100&Prime; shift_y=\u00a0\u00bb0&Prime; z_index=\u00a0\u00bb0&Prime; uncode_shortcode_id=\u00a0\u00bb189029&Prime; back_color_type=\u00a0\u00bbuncode-palette\u00a0\u00bb overlay_color_type=\u00a0\u00bbuncode-palette\u00a0\u00bb][vc_column column_width_percent=\u00a0\u00bb100&Prime; [&hellip;]<\/p>\n","protected":false},"author":1,"featured_media":0,"parent":118719,"menu_order":1,"comment_status":"closed","ping_status":"closed","template":"","meta":{"footnotes":""},"class_list":["post-118723","page","type-page","status-publish","hentry"],"yoast_head":"<!-- This site is optimized with the Yoast SEO plugin v22.3 - https:\/\/yoast.com\/wordpress\/plugins\/seo\/ -->\n<title>Mesurer les progr\u00e8s accomplis et Communiquer - Movo Partners<\/title>\n<meta name=\"robots\" content=\"index, follow, max-snippet:-1, max-image-preview:large, max-video-preview:-1\" \/>\n<link rel=\"canonical\" href=\"https:\/\/movo-partners.com\/fr\/notre-expertise\/mesurer-les-progres-accomplis-et-communiquer\/\" \/>\n<meta property=\"og:locale\" content=\"fr_FR\" \/>\n<meta property=\"og:type\" content=\"article\" \/>\n<meta property=\"og:title\" content=\"Mesurer les progr\u00e8s accomplis et Communiquer - Movo Partners\" \/>\n<meta property=\"og:description\" content=\"[vc_row row_height_percent=\u00a0\u00bb85&Prime; override_padding=\u00a0\u00bbyes\u00a0\u00bb h_padding=\u00a0\u00bb2&Prime; top_padding=\u00a0\u00bb7&Prime; bottom_padding=\u00a0\u00bb7&Prime; back_color=\u00a0\u00bbcolor-wayh\u00a0\u00bb back_image=\u00a0\u00bb118216&Prime; back_position=\u00a0\u00bbcenter bottom\u00a0\u00bb overlay_color=\u00a0\u00bbcolor-jevc\u00a0\u00bb overlay_alpha=\u00a0\u00bb36&Prime; gutter_size=\u00a0\u00bb3&Prime; column_width_percent=\u00a0\u00bb100&Prime; shift_y=\u00a0\u00bb0&Prime; z_index=\u00a0\u00bb0&Prime; uncode_shortcode_id=\u00a0\u00bb189029&Prime; back_color_type=\u00a0\u00bbuncode-palette\u00a0\u00bb overlay_color_type=\u00a0\u00bbuncode-palette\u00a0\u00bb][vc_column column_width_percent=\u00a0\u00bb100&Prime; [&hellip;]\" \/>\n<meta property=\"og:url\" content=\"https:\/\/movo-partners.com\/fr\/notre-expertise\/mesurer-les-progres-accomplis-et-communiquer\/\" \/>\n<meta property=\"og:site_name\" content=\"Movo Partners\" \/>\n<meta property=\"article:modified_time\" content=\"2024-09-12T12:15:29+00:00\" \/>\n<meta name=\"twitter:card\" content=\"summary_large_image\" \/>\n<meta name=\"twitter:label1\" content=\"Dur\u00e9e de lecture estim\u00e9e\" \/>\n\t<meta name=\"twitter:data1\" content=\"2 minutes\" \/>\n<script type=\"application\/ld+json\" class=\"yoast-schema-graph\">{\"@context\":\"https:\/\/schema.org\",\"@graph\":[{\"@type\":\"WebPage\",\"@id\":\"https:\/\/movo-partners.com\/fr\/notre-expertise\/mesurer-les-progres-accomplis-et-communiquer\/\",\"url\":\"https:\/\/movo-partners.com\/fr\/notre-expertise\/mesurer-les-progres-accomplis-et-communiquer\/\",\"name\":\"Mesurer les progr\u00e8s accomplis et Communiquer - Movo Partners\",\"isPartOf\":{\"@id\":\"https:\/\/movo-partners.com\/fr\/#website\"},\"datePublished\":\"2023-06-22T11:19:58+00:00\",\"dateModified\":\"2024-09-12T12:15:29+00:00\",\"breadcrumb\":{\"@id\":\"https:\/\/movo-partners.com\/fr\/notre-expertise\/mesurer-les-progres-accomplis-et-communiquer\/#breadcrumb\"},\"inLanguage\":\"fr-FR\",\"potentialAction\":[{\"@type\":\"ReadAction\",\"target\":[\"https:\/\/movo-partners.com\/fr\/notre-expertise\/mesurer-les-progres-accomplis-et-communiquer\/\"]}]},{\"@type\":\"BreadcrumbList\",\"@id\":\"https:\/\/movo-partners.com\/fr\/notre-expertise\/mesurer-les-progres-accomplis-et-communiquer\/#breadcrumb\",\"itemListElement\":[{\"@type\":\"ListItem\",\"position\":1,\"name\":\"Accueil\",\"item\":\"https:\/\/movo-partners.com\/fr\/\"},{\"@type\":\"ListItem\",\"position\":2,\"name\":\"Notre expertise\",\"item\":\"https:\/\/movo-partners.com\/fr\/notre-expertise\/\"},{\"@type\":\"ListItem\",\"position\":3,\"name\":\"Mesurer les progr\u00e8s accomplis et Communiquer\"}]},{\"@type\":\"WebSite\",\"@id\":\"https:\/\/movo-partners.com\/fr\/#website\",\"url\":\"https:\/\/movo-partners.com\/fr\/\",\"name\":\"Movo Partners\",\"description\":\"Change business to change the world\",\"publisher\":{\"@id\":\"https:\/\/movo-partners.com\/fr\/#organization\"},\"potentialAction\":[{\"@type\":\"SearchAction\",\"target\":{\"@type\":\"EntryPoint\",\"urlTemplate\":\"https:\/\/movo-partners.com\/fr\/?s={search_term_string}\"},\"query-input\":\"required name=search_term_string\"}],\"inLanguage\":\"fr-FR\"},{\"@type\":\"Organization\",\"@id\":\"https:\/\/movo-partners.com\/fr\/#organization\",\"name\":\"Movo Partners\",\"alternateName\":\"Movo\",\"url\":\"https:\/\/movo-partners.com\/fr\/\",\"logo\":{\"@type\":\"ImageObject\",\"inLanguage\":\"fr-FR\",\"@id\":\"https:\/\/movo-partners.com\/fr\/#\/schema\/logo\/image\/\",\"url\":\"https:\/\/movo-partners.com\/wp-content\/uploads\/2023\/01\/logo-movo.png\",\"contentUrl\":\"https:\/\/movo-partners.com\/wp-content\/uploads\/2023\/01\/logo-movo.png\",\"width\":191,\"height\":55,\"caption\":\"Movo Partners\"},\"image\":{\"@id\":\"https:\/\/movo-partners.com\/fr\/#\/schema\/logo\/image\/\"},\"sameAs\":[\"https:\/\/ch.linkedin.com\/company\/movopartners\"]}]}<\/script>\n<!-- \/ Yoast SEO plugin. -->","yoast_head_json":{"title":"Mesurer les progr\u00e8s accomplis et Communiquer - Movo Partners","robots":{"index":"index","follow":"follow","max-snippet":"max-snippet:-1","max-image-preview":"max-image-preview:large","max-video-preview":"max-video-preview:-1"},"canonical":"https:\/\/movo-partners.com\/fr\/notre-expertise\/mesurer-les-progres-accomplis-et-communiquer\/","og_locale":"fr_FR","og_type":"article","og_title":"Mesurer les progr\u00e8s accomplis et Communiquer - Movo Partners","og_description":"[vc_row row_height_percent=\u00a0\u00bb85&Prime; override_padding=\u00a0\u00bbyes\u00a0\u00bb h_padding=\u00a0\u00bb2&Prime; top_padding=\u00a0\u00bb7&Prime; bottom_padding=\u00a0\u00bb7&Prime; back_color=\u00a0\u00bbcolor-wayh\u00a0\u00bb back_image=\u00a0\u00bb118216&Prime; back_position=\u00a0\u00bbcenter bottom\u00a0\u00bb overlay_color=\u00a0\u00bbcolor-jevc\u00a0\u00bb overlay_alpha=\u00a0\u00bb36&Prime; gutter_size=\u00a0\u00bb3&Prime; column_width_percent=\u00a0\u00bb100&Prime; shift_y=\u00a0\u00bb0&Prime; z_index=\u00a0\u00bb0&Prime; uncode_shortcode_id=\u00a0\u00bb189029&Prime; back_color_type=\u00a0\u00bbuncode-palette\u00a0\u00bb overlay_color_type=\u00a0\u00bbuncode-palette\u00a0\u00bb][vc_column column_width_percent=\u00a0\u00bb100&Prime; [&hellip;]","og_url":"https:\/\/movo-partners.com\/fr\/notre-expertise\/mesurer-les-progres-accomplis-et-communiquer\/","og_site_name":"Movo Partners","article_modified_time":"2024-09-12T12:15:29+00:00","twitter_card":"summary_large_image","twitter_misc":{"Dur\u00e9e de lecture estim\u00e9e":"2 minutes"},"schema":{"@context":"https:\/\/schema.org","@graph":[{"@type":"WebPage","@id":"https:\/\/movo-partners.com\/fr\/notre-expertise\/mesurer-les-progres-accomplis-et-communiquer\/","url":"https:\/\/movo-partners.com\/fr\/notre-expertise\/mesurer-les-progres-accomplis-et-communiquer\/","name":"Mesurer les progr\u00e8s accomplis et Communiquer - Movo Partners","isPartOf":{"@id":"https:\/\/movo-partners.com\/fr\/#website"},"datePublished":"2023-06-22T11:19:58+00:00","dateModified":"2024-09-12T12:15:29+00:00","breadcrumb":{"@id":"https:\/\/movo-partners.com\/fr\/notre-expertise\/mesurer-les-progres-accomplis-et-communiquer\/#breadcrumb"},"inLanguage":"fr-FR","potentialAction":[{"@type":"ReadAction","target":["https:\/\/movo-partners.com\/fr\/notre-expertise\/mesurer-les-progres-accomplis-et-communiquer\/"]}]},{"@type":"BreadcrumbList","@id":"https:\/\/movo-partners.com\/fr\/notre-expertise\/mesurer-les-progres-accomplis-et-communiquer\/#breadcrumb","itemListElement":[{"@type":"ListItem","position":1,"name":"Accueil","item":"https:\/\/movo-partners.com\/fr\/"},{"@type":"ListItem","position":2,"name":"Notre expertise","item":"https:\/\/movo-partners.com\/fr\/notre-expertise\/"},{"@type":"ListItem","position":3,"name":"Mesurer les progr\u00e8s accomplis et Communiquer"}]},{"@type":"WebSite","@id":"https:\/\/movo-partners.com\/fr\/#website","url":"https:\/\/movo-partners.com\/fr\/","name":"Movo Partners","description":"Change business to change the world","publisher":{"@id":"https:\/\/movo-partners.com\/fr\/#organization"},"potentialAction":[{"@type":"SearchAction","target":{"@type":"EntryPoint","urlTemplate":"https:\/\/movo-partners.com\/fr\/?s={search_term_string}"},"query-input":"required name=search_term_string"}],"inLanguage":"fr-FR"},{"@type":"Organization","@id":"https:\/\/movo-partners.com\/fr\/#organization","name":"Movo Partners","alternateName":"Movo","url":"https:\/\/movo-partners.com\/fr\/","logo":{"@type":"ImageObject","inLanguage":"fr-FR","@id":"https:\/\/movo-partners.com\/fr\/#\/schema\/logo\/image\/","url":"https:\/\/movo-partners.com\/wp-content\/uploads\/2023\/01\/logo-movo.png","contentUrl":"https:\/\/movo-partners.com\/wp-content\/uploads\/2023\/01\/logo-movo.png","width":191,"height":55,"caption":"Movo Partners"},"image":{"@id":"https:\/\/movo-partners.com\/fr\/#\/schema\/logo\/image\/"},"sameAs":["https:\/\/ch.linkedin.com\/company\/movopartners"]}]}},"_links":{"self":[{"href":"https:\/\/movo-partners.com\/fr\/wp-json\/wp\/v2\/pages\/118723","targetHints":{"allow":["GET"]}}],"collection":[{"href":"https:\/\/movo-partners.com\/fr\/wp-json\/wp\/v2\/pages"}],"about":[{"href":"https:\/\/movo-partners.com\/fr\/wp-json\/wp\/v2\/types\/page"}],"author":[{"embeddable":true,"href":"https:\/\/movo-partners.com\/fr\/wp-json\/wp\/v2\/users\/1"}],"replies":[{"embeddable":true,"href":"https:\/\/movo-partners.com\/fr\/wp-json\/wp\/v2\/comments?post=118723"}],"version-history":[{"count":7,"href":"https:\/\/movo-partners.com\/fr\/wp-json\/wp\/v2\/pages\/118723\/revisions"}],"predecessor-version":[{"id":119166,"href":"https:\/\/movo-partners.com\/fr\/wp-json\/wp\/v2\/pages\/118723\/revisions\/119166"}],"up":[{"embeddable":true,"href":"https:\/\/movo-partners.com\/fr\/wp-json\/wp\/v2\/pages\/118719"}],"wp:attachment":[{"href":"https:\/\/movo-partners.com\/fr\/wp-json\/wp\/v2\/media?parent=118723"}],"curies":[{"name":"wp","href":"https:\/\/api.w.org\/{rel}","templated":true}]}}